{"id":132,"date":"2014-05-03T18:14:02","date_gmt":"2014-05-03T17:14:02","guid":{"rendered":"http:\/\/www.standnitrocar.com\/standnitrocar\/?page_id=132"},"modified":"2022-05-19T21:09:02","modified_gmt":"2022-05-19T20:09:02","slug":"pecas","status":"publish","type":"page","link":"https:\/\/www.standnitrocar.com\/stand\/pecas\/","title":{"rendered":"Pe\u00e7as"},"content":{"rendered":"<p>Procura r\u00e1pida:<br \/>\n<div class=\"asl_w_container asl_w_container_1\" data-id=\"1\" data-instance=\"1\">\n\t<div id='ajaxsearchlite1'\n\t\tdata-id=\"1\"\n\t\tdata-instance=\"1\"\n\t\tclass=\"asl_w asl_m asl_m_1 asl_m_1_1\">\n\t\t<div class=\"probox\">\n\n\t\n\t<div class='prosettings' style='display:none;' data-opened=0>\n\t\t\t\t<div class='innericon'>\n\t\t\t<svg version=\"1.1\" xmlns=\"http:\/\/www.w3.org\/2000\/svg\" xmlns:xlink=\"http:\/\/www.w3.org\/1999\/xlink\" x=\"0px\" y=\"0px\" width=\"22\" height=\"22\" viewBox=\"0 0 512 512\" enable-background=\"new 0 0 512 512\" xml:space=\"preserve\">\n\t\t\t\t\t<polygon transform = \"rotate(90 256 256)\" points=\"142.332,104.886 197.48,50 402.5,256 197.48,462 142.332,407.113 292.727,256 \"\/>\n\t\t\t\t<\/svg>\n\t\t<\/div>\n\t<\/div>\n\n\t\n\t\n\t<div class='proinput'>\n\t\t<form role=\"search\" action='#' autocomplete=\"off\"\n\t\t\t\taria-label=\"Search form\">\n\t\t\t<input aria-label=\"Search input\"\n\t\t\t\t\ttype='search' class='orig'\n\t\t\t\t\ttabindex=\"0\"\n\t\t\t\t\tname='phrase'\n\t\t\t\t\tplaceholder='Procura r\u00e1pida...'\n\t\t\t\t\tvalue=''\n\t\t\t\t\tautocomplete=\"off\"\/>\n\t\t\t<input aria-label=\"Search autocomplete input\"\n\t\t\t\t\ttype='text'\n\t\t\t\t\tclass='autocomplete'\n\t\t\t\t\ttabindex=\"-1\"\n\t\t\t\t\tname='phrase'\n\t\t\t\t\tvalue=''\n\t\t\t\t\tautocomplete=\"off\" disabled\/>\n\t\t\t<input type='submit' value=\"Start search\" style='width:0; height: 0; visibility: hidden;'>\n\t\t<\/form>\n\t<\/div>\n\n\t\n\t\n\t<button class='promagnifier' tabindex=\"0\" aria-label=\"Search magnifier button\">\n\t\t\t\t<span class='innericon' style=\"display:block;\">\n\t\t\t<svg version=\"1.1\" xmlns=\"http:\/\/www.w3.org\/2000\/svg\" xmlns:xlink=\"http:\/\/www.w3.org\/1999\/xlink\" x=\"0px\" y=\"0px\" width=\"22\" height=\"22\" viewBox=\"0 0 512 512\" enable-background=\"new 0 0 512 512\" xml:space=\"preserve\">\n\t\t\t\t\t<path d=\"M460.355,421.59L353.844,315.078c20.041-27.553,31.885-61.437,31.885-98.037\n\t\t\t\t\t\tC385.729,124.934,310.793,50,218.686,50C126.58,50,51.645,124.934,51.645,217.041c0,92.106,74.936,167.041,167.041,167.041\n\t\t\t\t\t\tc34.912,0,67.352-10.773,94.184-29.158L419.945,462L460.355,421.59z M100.631,217.041c0-65.096,52.959-118.056,118.055-118.056\n\t\t\t\t\t\tc65.098,0,118.057,52.959,118.057,118.056c0,65.096-52.959,118.056-118.057,118.056C153.59,335.097,100.631,282.137,100.631,217.041\n\t\t\t\t\t\tz\"\/>\n\t\t\t\t<\/svg>\n\t\t<\/span>\n\t<\/button>\n\n\t\n\t\n\t<div class='proloading'>\n\n\t\t<div class=\"asl_loader\"><div class=\"asl_loader-inner asl_simple-circle\"><\/div><\/div>\n\n\t\t\t<\/div>\n\n\t\t\t<div class='proclose'>\n\t\t\t<svg version=\"1.1\" xmlns=\"http:\/\/www.w3.org\/2000\/svg\" xmlns:xlink=\"http:\/\/www.w3.org\/1999\/xlink\" x=\"0px\"\n\t\t\t\ty=\"0px\"\n\t\t\t\twidth=\"12\" height=\"12\" viewBox=\"0 0 512 512\" enable-background=\"new 0 0 512 512\"\n\t\t\t\txml:space=\"preserve\">\n\t\t\t\t<polygon points=\"438.393,374.595 319.757,255.977 438.378,137.348 374.595,73.607 255.995,192.225 137.375,73.622 73.607,137.352 192.246,255.983 73.622,374.625 137.352,438.393 256.002,319.734 374.652,438.378 \"\/>\n\t\t\t<\/svg>\n\t\t<\/div>\n\t\n\t\n<\/div>\t<\/div>\n\t<div class='asl_data_container' style=\"display:none !important;\">\n\t\t<div class=\"asl_init_data wpdreams_asl_data_ct\"\n\tstyle=\"display:none !important;\"\n\tid=\"asl_init_id_1\"\n\tdata-asl-id=\"1\"\n\tdata-asl-instance=\"1\"\n\tdata-settings=\"{&quot;homeurl&quot;:&quot;https:\\\/\\\/www.standnitrocar.com\\\/stand\\\/&quot;,&quot;resultstype&quot;:&quot;vertical&quot;,&quot;resultsposition&quot;:&quot;hover&quot;,&quot;itemscount&quot;:4,&quot;charcount&quot;:0,&quot;highlight&quot;:false,&quot;highlightWholewords&quot;:true,&quot;singleHighlight&quot;:false,&quot;scrollToResults&quot;:{&quot;enabled&quot;:false,&quot;offset&quot;:0},&quot;resultareaclickable&quot;:1,&quot;autocomplete&quot;:{&quot;enabled&quot;:false,&quot;lang&quot;:&quot;pt&quot;,&quot;trigger_charcount&quot;:0},&quot;mobile&quot;:{&quot;menu_selector&quot;:&quot;#menu-toggle&quot;},&quot;trigger&quot;:{&quot;click&quot;:&quot;ajax_search&quot;,&quot;click_location&quot;:&quot;same&quot;,&quot;update_href&quot;:false,&quot;return&quot;:&quot;ajax_search&quot;,&quot;return_location&quot;:&quot;same&quot;,&quot;facet&quot;:true,&quot;type&quot;:true,&quot;redirect_url&quot;:&quot;?s={phrase}&quot;,&quot;delay&quot;:300},&quot;animations&quot;:{&quot;pc&quot;:{&quot;settings&quot;:{&quot;anim&quot;:&quot;fadedrop&quot;,&quot;dur&quot;:300},&quot;results&quot;:{&quot;anim&quot;:&quot;fadedrop&quot;,&quot;dur&quot;:300},&quot;items&quot;:&quot;voidanim&quot;},&quot;mob&quot;:{&quot;settings&quot;:{&quot;anim&quot;:&quot;fadedrop&quot;,&quot;dur&quot;:300},&quot;results&quot;:{&quot;anim&quot;:&quot;fadedrop&quot;,&quot;dur&quot;:300},&quot;items&quot;:&quot;voidanim&quot;}},&quot;autop&quot;:{&quot;state&quot;:true,&quot;phrase&quot;:&quot;&quot;,&quot;count&quot;:&quot;1&quot;},&quot;resPage&quot;:{&quot;useAjax&quot;:false,&quot;selector&quot;:&quot;#main&quot;,&quot;trigger_type&quot;:true,&quot;trigger_facet&quot;:true,&quot;trigger_magnifier&quot;:false,&quot;trigger_return&quot;:false},&quot;resultsSnapTo&quot;:&quot;left&quot;,&quot;results&quot;:{&quot;width&quot;:&quot;auto&quot;,&quot;width_tablet&quot;:&quot;auto&quot;,&quot;width_phone&quot;:&quot;auto&quot;},&quot;settingsimagepos&quot;:&quot;right&quot;,&quot;closeOnDocClick&quot;:true,&quot;overridewpdefault&quot;:false,&quot;override_method&quot;:&quot;get&quot;}\"><\/div>\n\t<div id=\"asl_hidden_data\">\n\t\t<svg style=\"position:absolute\" height=\"0\" width=\"0\">\n\t\t\t<filter id=\"aslblur\">\n\t\t\t\t<feGaussianBlur in=\"SourceGraphic\" stdDeviation=\"4\"\/>\n\t\t\t<\/filter>\n\t\t<\/svg>\n\t\t<svg style=\"position:absolute\" height=\"0\" width=\"0\">\n\t\t\t<filter id=\"no_aslblur\"><\/filter>\n\t\t<\/svg>\n\t<\/div>\n\t<\/div>\n\n\t<div id='ajaxsearchliteres1'\n\tclass='vertical wpdreams_asl_results asl_w asl_r asl_r_1 asl_r_1_1'>\n\n\t\n\t<div class=\"results\">\n\n\t\t\n\t\t<div class=\"resdrg\">\n\t\t<\/div>\n\n\t\t\n\t<\/div>\n\n\t\n\t\t\t\t\t<p class='showmore'>\n\t\t\t<span>Mais resultados...<\/span>\n\t\t<\/p>\n\t\t\t\n<\/div>\n\n\t<div id='__original__ajaxsearchlitesettings1'\n\t\tdata-id=\"1\"\n\t\tclass=\"searchsettings wpdreams_asl_settings asl_w asl_s asl_s_1\">\n\t\t<form name='options'\n\t\taria-label=\"Search settings form\"\n\t\tautocomplete = 'off'>\n\n\t\n\t\n\t<input type=\"hidden\" name=\"filters_changed\" style=\"display:none;\" value=\"0\">\n\t<input type=\"hidden\" name=\"filters_initial\" style=\"display:none;\" value=\"1\">\n\n\t<div class=\"asl_option_inner hiddend\">\n\t\t<input type='hidden' name='qtranslate_lang' id='qtranslate_lang'\n\t\t\t\tvalue='0'\/>\n\t<\/div>\n\n\t\n\t\n\t<fieldset class=\"asl_sett_scroll\">\n\t\t<legend style=\"display: none;\">Generic selectors<\/legend>\n\t\t<div class=\"asl_option\" tabindex=\"0\">\n\t\t\t<div class=\"asl_option_inner\">\n\t\t\t\t<input type=\"checkbox\" value=\"exact\"\n\t\t\t\t\t\taria-label=\"Exact matches only\"\n\t\t\t\t\t\tname=\"asl_gen[]\" \/>\n\t\t\t\t<div class=\"asl_option_checkbox\"><\/div>\n\t\t\t<\/div>\n\t\t\t<div class=\"asl_option_label\">\n\t\t\t\tExact matches only\t\t\t<\/div>\n\t\t<\/div>\n\t\t<div class=\"asl_option\" tabindex=\"0\">\n\t\t\t<div class=\"asl_option_inner\">\n\t\t\t\t<input type=\"checkbox\" value=\"title\"\n\t\t\t\t\t\taria-label=\"Search in title\"\n\t\t\t\t\t\tname=\"asl_gen[]\"  checked=\"checked\"\/>\n\t\t\t\t<div class=\"asl_option_checkbox\"><\/div>\n\t\t\t<\/div>\n\t\t\t<div class=\"asl_option_label\">\n\t\t\t\tSearch in title\t\t\t<\/div>\n\t\t<\/div>\n\t\t<div class=\"asl_option\" tabindex=\"0\">\n\t\t\t<div class=\"asl_option_inner\">\n\t\t\t\t<input type=\"checkbox\" value=\"content\"\n\t\t\t\t\t\taria-label=\"Search in content\"\n\t\t\t\t\t\tname=\"asl_gen[]\"  checked=\"checked\"\/>\n\t\t\t\t<div class=\"asl_option_checkbox\"><\/div>\n\t\t\t<\/div>\n\t\t\t<div class=\"asl_option_label\">\n\t\t\t\tSearch in content\t\t\t<\/div>\n\t\t<\/div>\n\t\t<div class=\"asl_option_inner hiddend\">\n\t\t\t<input type=\"checkbox\" value=\"excerpt\"\n\t\t\t\t\taria-label=\"Search in excerpt\"\n\t\t\t\t\tname=\"asl_gen[]\"  checked=\"checked\"\/>\n\t\t\t<div class=\"asl_option_checkbox\"><\/div>\n\t\t<\/div>\n\t<\/fieldset>\n\t<fieldset class=\"asl_sett_scroll\">\n\t\t<legend style=\"display: none;\">Post Type Selectors<\/legend>\n\t\t\t\t\t<div class=\"asl_option_inner hiddend\">\n\t\t\t\t<input type=\"checkbox\" value=\"post\"\n\t\t\t\t\t\taria-label=\"Hidden option, ignore please\"\n\t\t\t\t\t\tname=\"customset[]\" checked=\"checked\"\/>\n\t\t\t<\/div>\n\t\t\t\t\t\t<div class=\"asl_option_inner hiddend\">\n\t\t\t\t<input type=\"checkbox\" value=\"page\"\n\t\t\t\t\t\taria-label=\"Hidden option, ignore please\"\n\t\t\t\t\t\tname=\"customset[]\" checked=\"checked\"\/>\n\t\t\t<\/div>\n\t\t\t\t\t\t<div class=\"asl_option_inner hiddend\">\n\t\t\t\t<input type=\"checkbox\" value=\"photoslideshow\"\n\t\t\t\t\t\taria-label=\"Hidden option, ignore please\"\n\t\t\t\t\t\tname=\"customset[]\" checked=\"checked\"\/>\n\t\t\t<\/div>\n\t\t\t\t\t\t<div class=\"asl_option_inner hiddend\">\n\t\t\t\t<input type=\"checkbox\" value=\"listing\"\n\t\t\t\t\t\taria-label=\"Hidden option, ignore please\"\n\t\t\t\t\t\tname=\"customset[]\" checked=\"checked\"\/>\n\t\t\t<\/div>\n\t\t\t\t<\/fieldset>\n\t\n\t\t<fieldset>\n\t\t\t\t\t\t\t<legend>Filter by Categories<\/legend>\n\t\t\t\t\t\t<div class='categoryfilter asl_sett_scroll'>\n\t\t\t\t\t\t\t\t\t<div class=\"asl_option\" tabindex=\"0\">\n\t\t\t\t\t\t<div class=\"asl_option_inner\">\n\t\t\t\t\t\t\t<input type=\"checkbox\" value=\"1\"\n\t\t\t\t\t\t\t\t\taria-label=\"Pe\u00e7as Usadas\"\n\t\t\t\t\t\t\t\t\tname=\"categoryset[]\" checked=\"checked\"\/>\n\t\t\t\t\t\t\t<div class=\"asl_option_checkbox\"><\/div>\n\t\t\t\t\t\t<\/div>\n\t\t\t\t\t\t<div class=\"asl_option_label\">\n\t\t\t\t\t\t\tPe\u00e7as Usadas\t\t\t\t\t\t<\/div>\n\t\t\t\t\t<\/div>\n\t\t\t\t\t\t\t\t\t\t<div class=\"asl_option\" tabindex=\"0\">\n\t\t\t\t\t\t<div class=\"asl_option_inner\">\n\t\t\t\t\t\t\t<input type=\"checkbox\" value=\"11\"\n\t\t\t\t\t\t\t\t\taria-label=\"Jantes\"\n\t\t\t\t\t\t\t\t\tname=\"categoryset[]\" checked=\"checked\"\/>\n\t\t\t\t\t\t\t<div class=\"asl_option_checkbox\"><\/div>\n\t\t\t\t\t\t<\/div>\n\t\t\t\t\t\t<div class=\"asl_option_label\">\n\t\t\t\t\t\t\tJantes\t\t\t\t\t\t<\/div>\n\t\t\t\t\t<\/div>\n\t\t\t\t\t\t\t\t\t\t<div class=\"asl_option\" tabindex=\"0\">\n\t\t\t\t\t\t<div class=\"asl_option_inner\">\n\t\t\t\t\t\t\t<input type=\"checkbox\" value=\"510\"\n\t\t\t\t\t\t\t\t\taria-label=\"P\u00e1ra-Choques\"\n\t\t\t\t\t\t\t\t\tname=\"categoryset[]\" checked=\"checked\"\/>\n\t\t\t\t\t\t\t<div class=\"asl_option_checkbox\"><\/div>\n\t\t\t\t\t\t<\/div>\n\t\t\t\t\t\t<div class=\"asl_option_label\">\n\t\t\t\t\t\t\tP\u00e1ra-Choques\t\t\t\t\t\t<\/div>\n\t\t\t\t\t<\/div>\n\t\t\t\t\t\t\t\t\t\t<div class=\"asl_option\" tabindex=\"0\">\n\t\t\t\t\t\t<div class=\"asl_option_inner\">\n\t\t\t\t\t\t\t<input type=\"checkbox\" value=\"511\"\n\t\t\t\t\t\t\t\t\taria-label=\"Portas\"\n\t\t\t\t\t\t\t\t\tname=\"categoryset[]\" checked=\"checked\"\/>\n\t\t\t\t\t\t\t<div class=\"asl_option_checkbox\"><\/div>\n\t\t\t\t\t\t<\/div>\n\t\t\t\t\t\t<div class=\"asl_option_label\">\n\t\t\t\t\t\t\tPortas\t\t\t\t\t\t<\/div>\n\t\t\t\t\t<\/div>\n\t\t\t\t\t\t\t\t\t\t<div class=\"asl_option\" tabindex=\"0\">\n\t\t\t\t\t\t<div class=\"asl_option_inner\">\n\t\t\t\t\t\t\t<input type=\"checkbox\" value=\"19\"\n\t\t\t\t\t\t\t\t\taria-label=\"Pneus\"\n\t\t\t\t\t\t\t\t\tname=\"categoryset[]\" checked=\"checked\"\/>\n\t\t\t\t\t\t\t<div class=\"asl_option_checkbox\"><\/div>\n\t\t\t\t\t\t<\/div>\n\t\t\t\t\t\t<div class=\"asl_option_label\">\n\t\t\t\t\t\t\tPneus\t\t\t\t\t\t<\/div>\n\t\t\t\t\t<\/div>\n\t\t\t\t\t\t\t\t\t\t<div class=\"asl_option\" tabindex=\"0\">\n\t\t\t\t\t\t<div class=\"asl_option_inner\">\n\t\t\t\t\t\t\t<input type=\"checkbox\" value=\"32\"\n\t\t\t\t\t\t\t\t\taria-label=\"Viaturas para pe\u00e7as\"\n\t\t\t\t\t\t\t\t\tname=\"categoryset[]\" checked=\"checked\"\/>\n\t\t\t\t\t\t\t<div class=\"asl_option_checkbox\"><\/div>\n\t\t\t\t\t\t<\/div>\n\t\t\t\t\t\t<div class=\"asl_option_label\">\n\t\t\t\t\t\t\tViaturas para pe\u00e7as\t\t\t\t\t\t<\/div>\n\t\t\t\t\t<\/div>\n\t\t\t\t\t\t\t\t\t\t<div class=\"asl_option\" tabindex=\"0\">\n\t\t\t\t\t\t<div class=\"asl_option_inner\">\n\t\t\t\t\t\t\t<input type=\"checkbox\" value=\"523\"\n\t\t\t\t\t\t\t\t\taria-label=\"Automobilia\"\n\t\t\t\t\t\t\t\t\tname=\"categoryset[]\" checked=\"checked\"\/>\n\t\t\t\t\t\t\t<div class=\"asl_option_checkbox\"><\/div>\n\t\t\t\t\t\t<\/div>\n\t\t\t\t\t\t<div class=\"asl_option_label\">\n\t\t\t\t\t\t\tAutomobilia\t\t\t\t\t\t<\/div>\n\t\t\t\t\t<\/div>\n\t\t\t\t\t\n\t\t\t<\/div>\n\t\t<\/fieldset>\n\t\t<\/form>\n\t<\/div>\n<\/div>\n<\/p>\n<p><a href=\"https:\/\/www.standnitrocar.com\/stand\/category\/pecasnovas\/\"><img data-recalc-dims=\"1\" loading=\"lazy\" decoding=\"async\" data-attachment-id=\"133\" data-permalink=\"https:\/\/www.standnitrocar.com\/stand\/pecas\/pecasnovas\/\" data-orig-file=\"https:\/\/i0.wp.com\/www.standnitrocar.com\/stand\/wp-content\/uploads\/2014\/05\/pecasnovas.jpg?fit=330%2C300&amp;ssl=1\" data-orig-size=\"330,300\" data-comments-opened=\"1\" data-image-meta=\"{&quot;aperture&quot;:&quot;0&quot;,&quot;credit&quot;:&quot;&quot;,&quot;camera&quot;:&quot;&quot;,&quot;caption&quot;:&quot;&quot;,&quot;created_timestamp&quot;:&quot;0&quot;,&quot;copyright&quot;:&quot;&quot;,&quot;focal_length&quot;:&quot;0&quot;,&quot;iso&quot;:&quot;0&quot;,&quot;shutter_speed&quot;:&quot;0&quot;,&quot;title&quot;:&quot;&quot;}\" data-image-title=\"pecasnovas\" data-image-description=\"\" data-image-caption=\"\" data-medium-file=\"https:\/\/i0.wp.com\/www.standnitrocar.com\/stand\/wp-content\/uploads\/2014\/05\/pecasnovas.jpg?fit=300%2C272&amp;ssl=1\" data-large-file=\"https:\/\/i0.wp.com\/www.standnitrocar.com\/stand\/wp-content\/uploads\/2014\/05\/pecasnovas.jpg?resize=330%2C300&amp;ssl=1\" class=\"alignnone wp-image-133 size-full\" src=\"https:\/\/i0.wp.com\/www.standnitrocar.com\/stand\/wp-content\/uploads\/2014\/05\/pecasnovas.jpg?resize=330%2C300&#038;ssl=1\" alt=\"pecasnovas\" width=\"330\" height=\"300\" srcset=\"https:\/\/i0.wp.com\/www.standnitrocar.com\/stand\/wp-content\/uploads\/2014\/05\/pecasnovas.jpg?w=330&amp;ssl=1 330w, https:\/\/i0.wp.com\/www.standnitrocar.com\/stand\/wp-content\/uploads\/2014\/05\/pecasnovas.jpg?resize=300%2C272&amp;ssl=1 300w\" sizes=\"auto, (max-width: 330px) 100vw, 330px\" \/><\/a> <a href=\"https:\/\/www.standnitrocar.com\/stand\/pecas-usadas-2\/\"><img data-recalc-dims=\"1\" loading=\"lazy\" decoding=\"async\" data-attachment-id=\"134\" data-permalink=\"https:\/\/www.standnitrocar.com\/stand\/pecas\/pecasusadas\/\" data-orig-file=\"https:\/\/i0.wp.com\/www.standnitrocar.com\/stand\/wp-content\/uploads\/2014\/05\/pecasusadas.jpg?fit=330%2C300&amp;ssl=1\" data-orig-size=\"330,300\" data-comments-opened=\"1\" data-image-meta=\"{&quot;aperture&quot;:&quot;0&quot;,&quot;credit&quot;:&quot;&quot;,&quot;camera&quot;:&quot;&quot;,&quot;caption&quot;:&quot;&quot;,&quot;created_timestamp&quot;:&quot;0&quot;,&quot;copyright&quot;:&quot;&quot;,&quot;focal_length&quot;:&quot;0&quot;,&quot;iso&quot;:&quot;0&quot;,&quot;shutter_speed&quot;:&quot;0&quot;,&quot;title&quot;:&quot;&quot;}\" data-image-title=\"pecasusadas\" data-image-description=\"\" data-image-caption=\"\" data-medium-file=\"https:\/\/i0.wp.com\/www.standnitrocar.com\/stand\/wp-content\/uploads\/2014\/05\/pecasusadas.jpg?fit=300%2C272&amp;ssl=1\" data-large-file=\"https:\/\/i0.wp.com\/www.standnitrocar.com\/stand\/wp-content\/uploads\/2014\/05\/pecasusadas.jpg?resize=330%2C300&amp;ssl=1\" class=\"alignright wp-image-134 size-full\" src=\"https:\/\/i0.wp.com\/www.standnitrocar.com\/stand\/wp-content\/uploads\/2014\/05\/pecasusadas.jpg?resize=330%2C300&#038;ssl=1\" alt=\"pecasusadas\" width=\"330\" height=\"300\" srcset=\"https:\/\/i0.wp.com\/www.standnitrocar.com\/stand\/wp-content\/uploads\/2014\/05\/pecasusadas.jpg?w=330&amp;ssl=1 330w, https:\/\/i0.wp.com\/www.standnitrocar.com\/stand\/wp-content\/uploads\/2014\/05\/pecasusadas.jpg?resize=300%2C272&amp;ssl=1 300w\" sizes=\"auto, (max-width: 330px) 100vw, 330px\" \/><\/a><\/p>\n<p><a href=\"https:\/\/www.standnitrocar.com\/stand\/category\/jantes\/\"><img data-recalc-dims=\"1\" loading=\"lazy\" decoding=\"async\" data-attachment-id=\"984\" data-permalink=\"https:\/\/www.standnitrocar.com\/stand\/pecas\/jantes-2\/\" data-orig-file=\"https:\/\/i0.wp.com\/www.standnitrocar.com\/stand\/wp-content\/uploads\/2014\/05\/jantes1.jpg?fit=330%2C300&amp;ssl=1\" data-orig-size=\"330,300\" data-comments-opened=\"1\" data-image-meta=\"{&quot;aperture&quot;:&quot;0&quot;,&quot;credit&quot;:&quot;&quot;,&quot;camera&quot;:&quot;&quot;,&quot;caption&quot;:&quot;&quot;,&quot;created_timestamp&quot;:&quot;0&quot;,&quot;copyright&quot;:&quot;&quot;,&quot;focal_length&quot;:&quot;0&quot;,&quot;iso&quot;:&quot;0&quot;,&quot;shutter_speed&quot;:&quot;0&quot;,&quot;title&quot;:&quot;&quot;}\" data-image-title=\"jantes\" data-image-description=\"\" data-image-caption=\"\" data-medium-file=\"https:\/\/i0.wp.com\/www.standnitrocar.com\/stand\/wp-content\/uploads\/2014\/05\/jantes1.jpg?fit=300%2C272&amp;ssl=1\" data-large-file=\"https:\/\/i0.wp.com\/www.standnitrocar.com\/stand\/wp-content\/uploads\/2014\/05\/jantes1.jpg?resize=330%2C300&amp;ssl=1\" class=\"alignnone wp-image-984 size-full\" src=\"https:\/\/i0.wp.com\/www.standnitrocar.com\/stand\/wp-content\/uploads\/2014\/05\/jantes1.jpg?resize=330%2C300&#038;ssl=1\" alt=\"jantes\" width=\"330\" height=\"300\" srcset=\"https:\/\/i0.wp.com\/www.standnitrocar.com\/stand\/wp-content\/uploads\/2014\/05\/jantes1.jpg?w=330&amp;ssl=1 330w, https:\/\/i0.wp.com\/www.standnitrocar.com\/stand\/wp-content\/uploads\/2014\/05\/jantes1.jpg?resize=300%2C272&amp;ssl=1 300w\" sizes=\"auto, (max-width: 330px) 100vw, 330px\" \/><\/a>\u00a0<a href=\"https:\/\/www.standnitrocar.com\/stand\/category\/pneus\/\"><img data-recalc-dims=\"1\" loading=\"lazy\" decoding=\"async\" data-attachment-id=\"985\" data-permalink=\"https:\/\/www.standnitrocar.com\/stand\/pecas\/pneus\/\" data-orig-file=\"https:\/\/i0.wp.com\/www.standnitrocar.com\/stand\/wp-content\/uploads\/2014\/05\/pneus.jpg?fit=330%2C300&amp;ssl=1\" data-orig-size=\"330,300\" data-comments-opened=\"1\" data-image-meta=\"{&quot;aperture&quot;:&quot;0&quot;,&quot;credit&quot;:&quot;&quot;,&quot;camera&quot;:&quot;&quot;,&quot;caption&quot;:&quot;&quot;,&quot;created_timestamp&quot;:&quot;0&quot;,&quot;copyright&quot;:&quot;&quot;,&quot;focal_length&quot;:&quot;0&quot;,&quot;iso&quot;:&quot;0&quot;,&quot;shutter_speed&quot;:&quot;0&quot;,&quot;title&quot;:&quot;&quot;}\" data-image-title=\"pneus\" data-image-description=\"\" data-image-caption=\"\" data-medium-file=\"https:\/\/i0.wp.com\/www.standnitrocar.com\/stand\/wp-content\/uploads\/2014\/05\/pneus.jpg?fit=300%2C272&amp;ssl=1\" data-large-file=\"https:\/\/i0.wp.com\/www.standnitrocar.com\/stand\/wp-content\/uploads\/2014\/05\/pneus.jpg?resize=330%2C300&amp;ssl=1\" class=\"alignright wp-image-985 size-full\" src=\"https:\/\/i0.wp.com\/www.standnitrocar.com\/stand\/wp-content\/uploads\/2014\/05\/pneus.jpg?resize=330%2C300&#038;ssl=1\" alt=\"pneus\" width=\"330\" height=\"300\" srcset=\"https:\/\/i0.wp.com\/www.standnitrocar.com\/stand\/wp-content\/uploads\/2014\/05\/pneus.jpg?w=330&amp;ssl=1 330w, https:\/\/i0.wp.com\/www.standnitrocar.com\/stand\/wp-content\/uploads\/2014\/05\/pneus.jpg?resize=300%2C272&amp;ssl=1 300w\" sizes=\"auto, (max-width: 330px) 100vw, 330px\" \/><\/a><\/p>\n<p>Se n\u00e3o encontrar a pe\u00e7a que procura, preencha o seguinte formul\u00e1rio que n\u00f3s entraremos em contacto consigo com uma solu\u00e7\u00e3o:<\/p>\n\n<div class=\"wpcf7 no-js\" id=\"wpcf7-f2787-o1\" lang=\"pt-PT\" dir=\"ltr\" data-wpcf7-id=\"2787\">\n<div class=\"screen-reader-response\"><p role=\"status\" aria-live=\"polite\" aria-atomic=\"true\"><\/p> <ul><\/ul><\/div>\n<form action=\"\/stand\/wp-json\/wp\/v2\/pages\/132#wpcf7-f2787-o1\" method=\"post\" class=\"wpcf7-form init\" aria-label=\"Formul\u00e1rio de contacto\" novalidate=\"novalidate\" data-status=\"init\">\n<fieldset class=\"hidden-fields-container\"><input type=\"hidden\" name=\"_wpcf7\" value=\"2787\" \/><input type=\"hidden\" name=\"_wpcf7_version\" value=\"6.1.5\" \/><input type=\"hidden\" name=\"_wpcf7_locale\" value=\"pt_PT\" \/><input type=\"hidden\" name=\"_wpcf7_unit_tag\" value=\"wpcf7-f2787-o1\" \/><input type=\"hidden\" name=\"_wpcf7_container_post\" value=\"0\" \/><input type=\"hidden\" name=\"_wpcf7_posted_data_hash\" value=\"\" \/>\n<\/fieldset>\n<p>Nome (obrigat\u00f3rio)\n<\/p>\n<p><span class=\"wpcf7-form-control-wrap\" data-name=\"your-name\"><input size=\"40\" maxlength=\"400\" class=\"wpcf7-form-control wpcf7-text wpcf7-validates-as-required\" aria-required=\"true\" aria-invalid=\"false\" value=\"\" type=\"text\" name=\"your-name\" \/><\/span>\n<\/p>\n<p>E-mail (obrigat\u00f3rio)\n<\/p>\n<p><span class=\"wpcf7-form-control-wrap\" data-name=\"your-email\"><input size=\"40\" maxlength=\"400\" class=\"wpcf7-form-control wpcf7-email wpcf7-validates-as-required wpcf7-text wpcf7-validates-as-email\" aria-required=\"true\" aria-invalid=\"false\" value=\"\" type=\"email\" name=\"your-email\" \/><\/span>\n<\/p>\n<p>Telem\u00f3vel\n<\/p>\n<p><span class=\"wpcf7-form-control-wrap\" data-name=\"tlm\"><input size=\"40\" maxlength=\"400\" class=\"wpcf7-form-control wpcf7-tel wpcf7-text wpcf7-validates-as-tel\" aria-invalid=\"false\" value=\"\" type=\"tel\" name=\"tlm\" \/><\/span>\n<\/p>\n<p>Nome da pe\u00e7a\n<\/p>\n<p><span class=\"wpcf7-form-control-wrap\" data-name=\"peca\"><input size=\"40\" maxlength=\"400\" class=\"wpcf7-form-control wpcf7-text\" aria-invalid=\"false\" value=\"\" type=\"text\" name=\"peca\" \/><\/span>\n<\/p>\n<p>Observa\u00e7\u00f5es\n<\/p>\n<p><span class=\"wpcf7-form-control-wrap\" data-name=\"your-message\"><textarea cols=\"40\" rows=\"10\" maxlength=\"2000\" class=\"wpcf7-form-control wpcf7-textarea\" aria-invalid=\"false\" name=\"your-message\"><\/textarea><\/span>\n<\/p>\n<p><input type=\"hidden\" name=\"_wpcf7_captcha_challenge_captcha-895\" value=\"400150007\" \/><img data-recalc-dims=\"1\" loading=\"lazy\" decoding=\"async\" class=\"wpcf7-form-control wpcf7-captchac wpcf7-captcha-captcha-895\" width=\"72\" height=\"24\" alt=\"captcha\" src=\"https:\/\/i0.wp.com\/www.standnitrocar.com\/stand\/wp-content\/uploads\/wpcf7_captcha\/400150007.png?resize=72%2C24&#038;ssl=1\" \/><br \/>\n<span class=\"wpcf7-form-control-wrap\" data-name=\"captcha-895\"><input size=\"40\" class=\"wpcf7-form-control wpcf7-captchar\" autocomplete=\"off\" aria-invalid=\"false\" value=\"\" type=\"text\" name=\"captcha-895\" \/><\/span>\n<\/p>\n<p><span class=\"wpcf7-form-control-wrap\" data-name=\"autorizacao\"><span class=\"wpcf7-form-control wpcf7-acceptance\"><span class=\"wpcf7-list-item\"><input type=\"checkbox\" name=\"autorizacao\" value=\"1\" aria-invalid=\"false\" \/><\/span><\/span><\/span> Autorizo o uso dos meus dados de contacto, de forma a que possa ser contactado por parte do Stand Nitrocar, sem partilha dos mesmos a terceiros.\n<\/p>\n<p><input class=\"wpcf7-form-control wpcf7-submit has-spinner\" type=\"submit\" value=\"Enviar\" \/>\n<\/p><p style=\"display: none !important;\" class=\"akismet-fields-container\" data-prefix=\"_wpcf7_ak_\"><label>&#916;<textarea name=\"_wpcf7_ak_hp_textarea\" cols=\"45\" rows=\"8\" maxlength=\"100\"><\/textarea><\/label><input type=\"hidden\" id=\"ak_js_1\" name=\"_wpcf7_ak_js\" value=\"103\"\/><script>document.getElementById( \"ak_js_1\" ).setAttribute( \"value\", ( new Date() ).getTime() );<\/script><\/p><div class=\"wpcf7-response-output\" aria-hidden=\"true\"><\/div>\n<\/form>\n<\/div>\n\n","protected":false},"excerpt":{"rendered":"<p>Procura r\u00e1pida: \u00a0 Se n\u00e3o encontrar a pe\u00e7a que procura, preencha o seguinte formul\u00e1rio que [&hellip;]<\/p>\n","protected":false},"author":1,"featured_media":0,"parent":0,"menu_order":0,"comment_status":"open","ping_status":"closed","template":"","meta":{"jetpack_post_was_ever_published":false,"_glsr_average":0,"_glsr_ranking":0,"_glsr_reviews":0,"footnotes":""},"class_list":["post-132","page","type-page","status-publish","hentry"],"jetpack_shortlink":"https:\/\/wp.me\/PaJDCZ-28","jetpack_sharing_enabled":true,"jetpack_likes_enabled":false,"_links":{"self":[{"href":"https:\/\/www.standnitrocar.com\/stand\/wp-json\/wp\/v2\/pages\/132","targetHints":{"allow":["GET"]}}],"collection":[{"href":"https:\/\/www.standnitrocar.com\/stand\/wp-json\/wp\/v2\/pages"}],"about":[{"href":"https:\/\/www.standnitrocar.com\/stand\/wp-json\/wp\/v2\/types\/page"}],"author":[{"embeddable":true,"href":"https:\/\/www.standnitrocar.com\/stand\/wp-json\/wp\/v2\/users\/1"}],"replies":[{"embeddable":true,"href":"https:\/\/www.standnitrocar.com\/stand\/wp-json\/wp\/v2\/comments?post=132"}],"version-history":[{"count":14,"href":"https:\/\/www.standnitrocar.com\/stand\/wp-json\/wp\/v2\/pages\/132\/revisions"}],"predecessor-version":[{"id":36481,"href":"https:\/\/www.standnitrocar.com\/stand\/wp-json\/wp\/v2\/pages\/132\/revisions\/36481"}],"wp:attachment":[{"href":"https:\/\/www.standnitrocar.com\/stand\/wp-json\/wp\/v2\/media?parent=132"}],"curies":[{"name":"wp","href":"https:\/\/api.w.org\/{rel}","templated":true}]}}