{"id":1473,"date":"2014-06-16T22:13:19","date_gmt":"2014-06-16T22:13:19","guid":{"rendered":"http:\/\/www.standnitrocar.com\/standnitrocar\/?page_id=1473"},"modified":"2019-01-16T18:33:42","modified_gmt":"2019-01-16T17:33:42","slug":"viaturas-em-fim-de-vida","status":"publish","type":"page","link":"https:\/\/www.standnitrocar.com\/stand\/viaturas-em-fim-de-vida\/","title":{"rendered":"Viaturas em fim de vida"},"content":{"rendered":"<p style=\"text-align: center;\"><strong>O Ve\u00edculo em Fim de Vida corresponde genericamente aos ve\u00edculos que n\u00e3o apresentam condi\u00e7\u00f5es para a circula\u00e7\u00e3o, em consequ\u00eancia de acidente, avaria, mau estado ou outro motivo, chegaram ao fim da respetiva vida \u00fatil, passando a constituir um res\u00edduo.\u00a0<\/strong><\/p>\n<p style=\"text-align: center;\"><img data-recalc-dims=\"1\" loading=\"lazy\" decoding=\"async\" data-attachment-id=\"1789\" data-permalink=\"https:\/\/www.standnitrocar.com\/stand\/viaturas-em-fim-de-vida\/fim-de-vida-2\/\" data-orig-file=\"https:\/\/i0.wp.com\/www.standnitrocar.com\/stand\/wp-content\/uploads\/2014\/06\/Fim-de-Vida1.jpg?fit=1018%2C818&amp;ssl=1\" data-orig-size=\"1018,818\" data-comments-opened=\"1\" data-image-meta=\"{&quot;aperture&quot;:&quot;0&quot;,&quot;credit&quot;:&quot;&quot;,&quot;camera&quot;:&quot;&quot;,&quot;caption&quot;:&quot;&quot;,&quot;created_timestamp&quot;:&quot;0&quot;,&quot;copyright&quot;:&quot;&quot;,&quot;focal_length&quot;:&quot;0&quot;,&quot;iso&quot;:&quot;0&quot;,&quot;shutter_speed&quot;:&quot;0&quot;,&quot;title&quot;:&quot;&quot;}\" data-image-title=\"Fim de Vida\" data-image-description=\"\" data-image-caption=\"\" data-medium-file=\"https:\/\/i0.wp.com\/www.standnitrocar.com\/stand\/wp-content\/uploads\/2014\/06\/Fim-de-Vida1.jpg?fit=300%2C241&amp;ssl=1\" data-large-file=\"https:\/\/i0.wp.com\/www.standnitrocar.com\/stand\/wp-content\/uploads\/2014\/06\/Fim-de-Vida1.jpg?resize=700%2C350&amp;ssl=1\" class=\"alignnone wp-image-1789 size-medium\" src=\"https:\/\/i0.wp.com\/www.standnitrocar.com\/stand\/wp-content\/uploads\/2014\/06\/Fim-de-Vida1-300x241.jpg?resize=300%2C241\" alt=\"Fim de Vida\" width=\"300\" height=\"241\" srcset=\"https:\/\/i0.wp.com\/www.standnitrocar.com\/stand\/wp-content\/uploads\/2014\/06\/Fim-de-Vida1.jpg?resize=300%2C241&amp;ssl=1 300w, https:\/\/i0.wp.com\/www.standnitrocar.com\/stand\/wp-content\/uploads\/2014\/06\/Fim-de-Vida1.jpg?w=1018&amp;ssl=1 1018w\" sizes=\"auto, (max-width: 300px) 100vw, 300px\" \/><\/p>\n<p style=\"text-align: center;\">Posto isto, basta ligar-nos e n\u00f3s trataremos do assunto&#8230;<\/p>\n<p style=\"text-align: center;\">Trat\u00e1mos da recolha da sua viatura c\/ reboque pr\u00f3prio para o efeito, e ainda, trat\u00e1mos do cancelamento das matr\u00edculas e de todos os documentos e certificados relacionados com a mesma, no ato do levantamento da viatura para que n\u00e3o tenha mais encargos com a mesma.<\/p>\n<p style=\"text-align: center;\">Poderemos ainda oferecer algum valor pela sua viatura, sendo o mesmo pago na hora.<\/p>\n<p style=\"text-align: center;\">N\u00e3o hesite em contactar-nos&#8230;<\/p>\n<p style=\"text-align: center;\"><strong>Documenta\u00e7\u00e3o necess\u00e1ria na data de entrega do ve\u00edculo:<\/strong><\/p>\n<p style=\"text-align: center;\">&#8211; Documento \u00danico Autom\u00f3vel;<\/p>\n<p style=\"text-align: center;\">&#8211; Declara\u00e7\u00e3o de venda devidamente assinada pelo propriet\u00e1rio;<\/p>\n<p style=\"text-align: center;\">&#8211; Modelo 9;<\/p>\n<p style=\"text-align: center;\">&#8211; Fotoc\u00f3pia Bilhete de Identidade e Contribuinte Fiscal\/Cart\u00e3o de Cidad\u00e3o<\/p>\n<p style=\"text-align: center;\"><strong>Vamos ao local. Zona norte e centro. Empresa certificada.<\/strong><\/p>\n<p style=\"text-align: center;\"><strong>Disponha: Jos\u00e9 pinto &#8211; 919 875 653 \/ 256 793 029<\/strong><\/p>\n<p style=\"text-align: center;\"><strong>\u00a0<\/strong><\/p>\n","protected":false},"excerpt":{"rendered":"<p>O Ve\u00edculo em Fim de Vida corresponde genericamente aos ve\u00edculos que n\u00e3o apresentam condi\u00e7\u00f5es para [&hellip;]<\/p>\n","protected":false},"author":1,"featured_media":0,"parent":0,"menu_order":0,"comment_status":"open","ping_status":"open","template":"","meta":{"jetpack_post_was_ever_published":false,"_glsr_average":0,"_glsr_ranking":0,"_glsr_reviews":0,"footnotes":""},"class_list":["post-1473","page","type-page","status-publish","hentry"],"jetpack_shortlink":"https:\/\/wp.me\/PaJDCZ-nL","jetpack_sharing_enabled":true,"jetpack_likes_enabled":false,"_links":{"self":[{"href":"https:\/\/www.standnitrocar.com\/stand\/wp-json\/wp\/v2\/pages\/1473","targetHints":{"allow":["GET"]}}],"collection":[{"href":"https:\/\/www.standnitrocar.com\/stand\/wp-json\/wp\/v2\/pages"}],"about":[{"href":"https:\/\/www.standnitrocar.com\/stand\/wp-json\/wp\/v2\/types\/page"}],"author":[{"embeddable":true,"href":"https:\/\/www.standnitrocar.com\/stand\/wp-json\/wp\/v2\/users\/1"}],"replies":[{"embeddable":true,"href":"https:\/\/www.standnitrocar.com\/stand\/wp-json\/wp\/v2\/comments?post=1473"}],"version-history":[{"count":2,"href":"https:\/\/www.standnitrocar.com\/stand\/wp-json\/wp\/v2\/pages\/1473\/revisions"}],"predecessor-version":[{"id":23444,"href":"https:\/\/www.standnitrocar.com\/stand\/wp-json\/wp\/v2\/pages\/1473\/revisions\/23444"}],"wp:attachment":[{"href":"https:\/\/www.standnitrocar.com\/stand\/wp-json\/wp\/v2\/media?parent=1473"}],"curies":[{"name":"wp","href":"https:\/\/api.w.org\/{rel}","templated":true}]}}