{"id":24929,"date":"2019-02-25T23:10:49","date_gmt":"2019-02-25T22:10:49","guid":{"rendered":"https:\/\/www.standnitrocar.com\/stand\/?page_id=24929"},"modified":"2019-02-28T21:46:09","modified_gmt":"2019-02-28T20:46:09","slug":"perguntas-frequentes","status":"publish","type":"page","link":"https:\/\/www.standnitrocar.com\/stand\/perguntas-frequentes\/","title":{"rendered":"Perguntas frequentes"},"content":{"rendered":"\n<h4 class=\"wp-block-heading\" style=\"text-align:left\"><span style=\"color: #000080;\"><strong>Se n\u00e3o for da \u00e1rea de resid\u00eancia do Stand Nitrocar e quiser adquirir uma viatura sem me deslocar ao mesmo, isso \u00e9 poss\u00edvel? E como funciona?<\/strong><\/span><\/h4>\n\n\n\n<p>Sim isso \u00e9 poss\u00edvel e cada vez mais recorrente nos dias de hoje, pela falta de tempo dos nossos clientes e muitas das vezes devido a dist\u00e2ncia.Tratando-se de uma empresa cred\u00edvel e firme no mercado e em que o nosso lema \u00e9 bem servir o nosso cliente mediante negocia\u00e7\u00e3o da viatura que pretende, e de forma a poder agilizar o processo de compra e venda, bem como evitar constrangimento para o nosso cliente, n\u00f3s poderemos fazer a entrega da mesma na morada do cliente, de Norte a Sul do Pa\u00eds, bem como para as ilhas e at\u00e9 mesmo estrangeiro. Assim sendo, poder\u00e1 receber a sua viatura comodamente na sua morada de resid\u00eancia, sem ter que sair de casa.<span style=\"color: #000080;\"><br><\/span> <\/p>\n\n\n\n<h4 class=\"wp-block-heading\" style=\"text-align:left\"><br><br><span style=\"color: #000080;\"><strong>Para fazer uma simula\u00e7\u00e3o de cr\u00e9dito e saber se \u00e9 aprovado ou n\u00e3o, tenho de me deslocar ao Stand Nitrocar?<\/strong><\/span><\/h4>\n\n\n\n<p>N\u00e3o precisa de se deslocar ao nosso stand para fazer uma simula\u00e7\u00e3o de cr\u00e9dito. Basta reunir toda a documenta\u00e7\u00e3o por n\u00f3s solicitada, a qual consta no nosso site e enviar da maneira mais f\u00e1cil e c\u00f3moda para si. Digitalize ou tire fotos leg\u00edveis da documenta\u00e7\u00e3o e envie-nos da forma que mais lhe convier: via email, messenger, whatsap, facebook, instagram, mensagem de telem\u00f3vel ou mesmo por correio. Ap\u00f3s rece\u00e7\u00e3o da mesma, de imediato submeteremos a proposta e, num curto per\u00edodo de tempo dar-lhe-emos a decis\u00e3o, de forma a que possa adquirir a sua nova viatura.<\/p>\n\n\n\n<h4 class=\"wp-block-heading\" style=\"text-align:left\"><br><br><span style=\"color: #000080;\"><strong>Quanto tempo demora a saber a decis\u00e3o de um cr\u00e9dito para poder comprar uma viatura? <\/strong><\/span><\/h4>\n\n\n\n<p>O nosso tempo de resposta m\u00e9dia, ap\u00f3s rece\u00e7\u00e3o de todos os documentos \u00e9 sensivelmente 10 minutos, mediante perfil do cliente e quantidade de intervenientes.<\/p>\n\n\n\n<h4 class=\"wp-block-heading\" style=\"text-align:left\"><br><br><span style=\"color: #000080;\"><strong>Se quiser comprar um carro no Stand Nitrocar<\/strong><\/span><br><span style=\"color: #000080;\"><strong>qual o tempo de entrega do mesmo?<\/strong><\/span><\/h4>\n\n\n\n<p>Temos praticamente todas as nossas viaturas recondicionadas e prontas para entrega imediata, contudo antes da entrega do mesmo procedemos sempre a uma inspe\u00e7\u00e3o e check up minucioso para nos certificar-mos que a mesma est\u00e1 pronta a circular sem qualquer problema, podendo no m\u00e1ximo demorar at\u00e9 24h ap\u00f3s a compra efetuada e conclu\u00edda para a sua entrega.<\/p>\n\n\n\n<h4 class=\"wp-block-heading\" style=\"text-align:left\"><br><br><span style=\"color: #000080;\"><strong>Se comprar uma viatura no Stand Nitrocar e a minha \u00e1rea de resid\u00eancia for distante, durante a garantia, caso tenha de fazer a revis\u00e3o ou surgir uma avaria terei de me deslocar ao stand para resolver a mesma?<\/strong><\/span><\/h4>\n\n\n\n<p>N\u00e3o, as nossas garantias s\u00e3o v\u00e1lidas de Norte a Sul do pa\u00eds, num caso mais extremo poderemos transportar a mesma para as nossas oficinas e depois de conclu\u00edda a interven\u00e7\u00e3o entregar a mesma na morada do cliente.<\/p>\n\n\n\n<h4 class=\"wp-block-heading\" style=\"text-align:left\"><br><br><span style=\"color: #000080;\"><strong>Na compra de uma viatura no Stand Nitrocar tratam de toda a documenta\u00e7\u00e3o relacionada com o processo de compra e todos os restantes documentos para a sua circula\u00e7\u00e3o?<\/strong><\/span><\/h4>\n\n\n\n<p>Sim, no nosso stand temos uma parte administrativa dedicada exclusivamente a todo o processo de compra p\u00f3s venda que trata do cr\u00e9dito autom\u00f3vel, registo da viatura, inspec\u00e7\u00e3o peri\u00f3dica, imposto de circula\u00e7\u00e3o, seguro auto, homologa\u00e7\u00e3o de extras e altera\u00e7\u00f5es de caracter\u00edsticas.<\/p>\n\n\n\n<h4 class=\"wp-block-heading\" style=\"text-align:left\"><br><br><span style=\"color: #000080;\"><strong>Se comprar uma viatura no Stand Nitrocar quando tiver de fazer alguma interven\u00e7\u00e3o mec\u00e2nica de manuten\u00e7\u00e3o, revis\u00e3o, pneus, pintura, lavagem, inspe\u00e7\u00e3o peri\u00f3dica posso recorrer aos vossos servi\u00e7os? Tem alguma vantagem por j\u00e1 ser vosso cliente?<\/strong><\/span><\/h4>\n\n\n\n<p>Sim, poder\u00e1 e deve recorrer aos nossos servi\u00e7os e as raz\u00f5es s\u00e3o muitas. Uma vez que fomos n\u00f3s a vender a sua viatura, possu\u00edmos registos de tudo que foi feito na mesma e consequentemente saberemos o que necessita ou n\u00e3o de fazer e, inclusive, se j\u00e1 \u00e9 altura de fazer algum tipo de interven\u00e7\u00e3o. Para todos os clientes que tenham adquirido a viatura no nosso stand tem ainda um desconto direto ajustado a valor da sua repara\u00e7\u00e3o. Caso resida na nossa \u00e1rea, temos ainda dispon\u00edvel o servi\u00e7o de transporte da sua viatura \u00e1 inspe\u00e7\u00e3o, sem ter que sair de casa ou do trabalho. Vamos buscar a sua viatura \u00e0 sua morada ou local de trabalho e fazemos uma pr\u00e9 insp + inspe\u00e7\u00e3o peri\u00f3dica, entregando-a depois onde nos indicar.<\/p>\n\n\n\n<h4 class=\"wp-block-heading\" style=\"text-align:left\"><br><br><span style=\"color: #000080;\"><strong>Para comprar uma viatura no Stand Nitrocar tenho de fazer o pagamento total antes de ter a mesma?<\/strong><\/span><\/h4>\n\n\n\n<p>N\u00e3o, se n\u00e3o levantar a viatura no mesmo dia da compra basta dar-nos um valor de sinaliza\u00e7\u00e3o para reserva da mesma e, aquando a entrega, liquida o restante valor.<\/p>\n\n\n\n<h4 class=\"wp-block-heading\" style=\"text-align:left\"><br><br><span style=\"color: #000080;\"><strong>Se quiser comprar uma viatura no Stand Nitrocar e tiver uma ou mais viaturas para dar a troca tamb\u00e9m aceitam? E como funciona?<\/strong><\/span><\/h4>\n\n\n\n<p>Sim, tamb\u00e9m aceitamos retomas. Para isso basta trazer a sua viatura ou se n\u00e3o for da nossa \u00e1rea de resid\u00eancia, poder\u00e1 enviar-nos fotos e dados da sua viatura para podermos fazer uma avalia\u00e7\u00e3o e fazer uma proposta.<\/p>\n\n\n\n<br><\/br><h4><span style=\"color: #000080;\"><strong>S\u00f3 vendem viaturas ou tamb\u00e9m compram?<\/strong><\/span><br><span style=\"color: #000080;\"><strong>E como funciona?<\/strong><\/span><\/h4>\n\n\n\n<p>Sim, tamb\u00e9m compramos viaturas, basta trazer a sua viatura ou se n\u00e3o for da nossa \u00e1rea de resid\u00eancia poder\u00e1-nos enviar fotos e dados da sua viatura para podermos fazer uma avalia\u00e7\u00e3o e fazer uma proposta de compra imediata. Pagamos a pronto pagamento e tratamos de toda a documenta\u00e7\u00e3o na hora.<\/p>\n","protected":false},"excerpt":{"rendered":"<p>Se n\u00e3o for da \u00e1rea de resid\u00eancia do Stand Nitrocar e quiser adquirir uma viatura [&hellip;]<\/p>\n","protected":false},"author":2,"featured_media":0,"parent":0,"menu_order":0,"comment_status":"closed","ping_status":"closed","template":"","meta":{"jetpack_post_was_ever_published":false,"_glsr_average":0,"_glsr_ranking":0,"_glsr_reviews":0,"footnotes":""},"class_list":["post-24929","page","type-page","status-publish","hentry"],"jetpack_shortlink":"https:\/\/wp.me\/PaJDCZ-6u5","jetpack_sharing_enabled":true,"jetpack_likes_enabled":false,"_links":{"self":[{"href":"https:\/\/www.standnitrocar.com\/stand\/wp-json\/wp\/v2\/pages\/24929","targetHints":{"allow":["GET"]}}],"collection":[{"href":"https:\/\/www.standnitrocar.com\/stand\/wp-json\/wp\/v2\/pages"}],"about":[{"href":"https:\/\/www.standnitrocar.com\/stand\/wp-json\/wp\/v2\/types\/page"}],"author":[{"embeddable":true,"href":"https:\/\/www.standnitrocar.com\/stand\/wp-json\/wp\/v2\/users\/2"}],"replies":[{"embeddable":true,"href":"https:\/\/www.standnitrocar.com\/stand\/wp-json\/wp\/v2\/comments?post=24929"}],"version-history":[{"count":36,"href":"https:\/\/www.standnitrocar.com\/stand\/wp-json\/wp\/v2\/pages\/24929\/revisions"}],"predecessor-version":[{"id":24977,"href":"https:\/\/www.standnitrocar.com\/stand\/wp-json\/wp\/v2\/pages\/24929\/revisions\/24977"}],"wp:attachment":[{"href":"https:\/\/www.standnitrocar.com\/stand\/wp-json\/wp\/v2\/media?parent=24929"}],"curies":[{"name":"wp","href":"https:\/\/api.w.org\/{rel}","templated":true}]}}