{"id":25040,"date":"2019-03-12T23:35:53","date_gmt":"2019-03-12T22:35:53","guid":{"rendered":"https:\/\/www.standnitrocar.com\/stand\/?page_id=25040"},"modified":"2019-08-20T22:12:08","modified_gmt":"2019-08-20T21:12:08","slug":"recomendacoes2","status":"publish","type":"page","link":"https:\/\/www.standnitrocar.com\/stand\/recomendacoes2\/","title":{"rendered":"Recomenda\u00e7\u00f5es"},"content":{"rendered":"\n<p><strong>Desde j\u00e1 o nosso muito obrigado pela sua prefer\u00eancia!<br>Tentaremos fazer de tudo para melhor o servir&#8230;<br>Este espa\u00e7o serve para que nos possa deixar a sua opini\u00e3o acerca dos nossos servi\u00e7os, bem como a S\/ experi\u00eancia com a nossa empresa. <\/strong><\/p>\n\n\n\n<p style=\"text-align:center\"><strong>_____________________________________________________________________<\/strong><\/p>\n\n\n\n<p class=\"has-small-font-size\"><div class=\"glsr glsr-default\" id=\"glsr_810b720a\" data-from=\"shortcode\" data-shortcode=\"site_reviews\"><div class=\"glsr-reviews-wrap\">\n    <div class=\"glsr-reviews\">\n        <div class=\"glsr-review\" data-type=\"local\" id=\"review-38025\" data-assigned='{\"assigned_posts\":[25040]}'>\n    <div class=\"glsr-review-title\"><h4 class=\"glsr-tag-value\">Gerentes super acess\u00edveis<\/h4><\/div>\n    <div class=\"glsr-review-rating\"><div class=\"glsr-star-rating glsr-stars\" role=\"img\" aria-label=\"Rated 5 out of 5 stars\" data-rating=\"5\" data-reviews=\"0\"><span class=\"glsr-star glsr-star-full\" aria-hidden=\"true\"><\/span><span class=\"glsr-star glsr-star-full\" aria-hidden=\"true\"><\/span><span class=\"glsr-star glsr-star-full\" aria-hidden=\"true\"><\/span><span class=\"glsr-star glsr-star-full\" aria-hidden=\"true\"><\/span><span class=\"glsr-star glsr-star-full\" aria-hidden=\"true\"><\/span><\/div><\/div> <div class=\"glsr-review-date\"><span class=\"glsr-tag-value\">19 Outubro, 2022<\/span><\/div>\n    \n    <div class=\"glsr-review-content\"><div class=\"glsr-tag-value\" data-expanded=\"false\"><p>J\u00e1 comprei 3 carros e sempre de confian\u00e7a. O pr\u00f3ximo ser\u00e1 comprado no vosso Stand! Gerentes super acess\u00edveis! obrigada.<\/p><\/div><\/div>\n     <div class=\"glsr-review-author\"><span class=\"glsr-tag-value\">Ana Silva<\/span><\/div> \n    \n<\/div>\n<div class=\"glsr-review\" data-type=\"local\" id=\"review-38024\" data-assigned='{\"assigned_posts\":[25040]}'>\n    <div class=\"glsr-review-title\"><h4 class=\"glsr-tag-value\">Recomendo a 1000%<\/h4><\/div>\n    <div class=\"glsr-review-rating\"><div class=\"glsr-star-rating glsr-stars\" role=\"img\" aria-label=\"Rated 5 out of 5 stars\" data-rating=\"5\" data-reviews=\"0\"><span class=\"glsr-star glsr-star-full\" aria-hidden=\"true\"><\/span><span class=\"glsr-star glsr-star-full\" aria-hidden=\"true\"><\/span><span class=\"glsr-star glsr-star-full\" aria-hidden=\"true\"><\/span><span class=\"glsr-star glsr-star-full\" aria-hidden=\"true\"><\/span><span class=\"glsr-star glsr-star-full\" aria-hidden=\"true\"><\/span><\/div><\/div> <div class=\"glsr-review-date\"><span class=\"glsr-tag-value\">10 Julho, 2022<\/span><\/div>\n    \n    <div class=\"glsr-review-content\"><div class=\"glsr-tag-value\" data-expanded=\"false\"><p>Atendimento 100%, fiabilidade n\u00e3o tenho melhor que dizer, a n\u00edvel de mec\u00e2nica 100% profissionalismo.<\/p>\n<p>Recomendo a 1000%.<\/p><\/div><\/div>\n     <div class=\"glsr-review-author\"><span class=\"glsr-tag-value\">Miguel Costa<\/span><\/div> \n    \n<\/div>\n<div class=\"glsr-review\" data-type=\"local\" id=\"review-38023\" data-assigned='{\"assigned_posts\":[25040]}'>\n    <div class=\"glsr-review-title\"><h4 class=\"glsr-tag-value\">Conhecimento acima de tudo.<\/h4><\/div>\n    <div class=\"glsr-review-rating\"><div class=\"glsr-star-rating glsr-stars\" role=\"img\" aria-label=\"Rated 5 out of 5 stars\" data-rating=\"5\" data-reviews=\"0\"><span class=\"glsr-star glsr-star-full\" aria-hidden=\"true\"><\/span><span class=\"glsr-star glsr-star-full\" aria-hidden=\"true\"><\/span><span class=\"glsr-star glsr-star-full\" aria-hidden=\"true\"><\/span><span class=\"glsr-star glsr-star-full\" aria-hidden=\"true\"><\/span><span class=\"glsr-star glsr-star-full\" aria-hidden=\"true\"><\/span><\/div><\/div> <div class=\"glsr-review-date\"><span class=\"glsr-tag-value\">4 Junho, 2022<\/span><\/div>\n    \n    <div class=\"glsr-review-content\"><div class=\"glsr-tag-value\" data-expanded=\"false\"><p>Simpatia e entendem do assunto. Ainda n\u00e3o fiz neg\u00f3cio mas tem o produto que procuro.<\/p><\/div><\/div>\n     <div class=\"glsr-review-author\"><span class=\"glsr-tag-value\">Rui Ribeiro<\/span><\/div> \n    \n<\/div>\n<div class=\"glsr-review\" data-type=\"local\" id=\"review-38022\" data-assigned='{\"assigned_posts\":[25040]}'>\n    <div class=\"glsr-review-title\"><h4 class=\"glsr-tag-value\">Simpatia e profissionalismo<\/h4><\/div>\n    <div class=\"glsr-review-rating\"><div class=\"glsr-star-rating glsr-stars\" role=\"img\" aria-label=\"Rated 5 out of 5 stars\" data-rating=\"5\" data-reviews=\"0\"><span class=\"glsr-star glsr-star-full\" aria-hidden=\"true\"><\/span><span class=\"glsr-star glsr-star-full\" aria-hidden=\"true\"><\/span><span class=\"glsr-star glsr-star-full\" aria-hidden=\"true\"><\/span><span class=\"glsr-star glsr-star-full\" aria-hidden=\"true\"><\/span><span class=\"glsr-star glsr-star-full\" aria-hidden=\"true\"><\/span><\/div><\/div> <div class=\"glsr-review-date\"><span class=\"glsr-tag-value\">8 Fevereiro, 2022<\/span><\/div>\n    \n    <div class=\"glsr-review-content\"><div class=\"glsr-tag-value\" data-expanded=\"false\"><p>Um stand com uma variedade not\u00e1vel de autom\u00f3veis, o staff \u00e9 de uma grande simpatia e profissionalismo.<\/p><\/div><\/div>\n     <div class=\"glsr-review-author\"><span class=\"glsr-tag-value\">Daniel Martin Digital<\/span><\/div> \n    \n<\/div>\n<div class=\"glsr-review\" data-type=\"local\" id=\"review-38021\" data-assigned='{\"assigned_posts\":[25040]}'>\n    <div class=\"glsr-review-title\"><h4 class=\"glsr-tag-value\">Stand bem organizado<\/h4><\/div>\n    <div class=\"glsr-review-rating\"><div class=\"glsr-star-rating glsr-stars\" role=\"img\" aria-label=\"Rated 5 out of 5 stars\" data-rating=\"5\" data-reviews=\"0\"><span class=\"glsr-star glsr-star-full\" aria-hidden=\"true\"><\/span><span class=\"glsr-star glsr-star-full\" aria-hidden=\"true\"><\/span><span class=\"glsr-star glsr-star-full\" aria-hidden=\"true\"><\/span><span class=\"glsr-star glsr-star-full\" aria-hidden=\"true\"><\/span><span class=\"glsr-star glsr-star-full\" aria-hidden=\"true\"><\/span><\/div><\/div> <div class=\"glsr-review-date\"><span class=\"glsr-tag-value\">19 Setembro, 2021<\/span><\/div>\n    \n    <div class=\"glsr-review-content\"><div class=\"glsr-tag-value\" data-expanded=\"false\"><p>O stand \u00e9 bem organizado e o sr. Jos\u00e9 \u00e9 uma pessoa bastante acess\u00edvel! Recomendo bastante.<\/p><\/div><\/div>\n     <div class=\"glsr-review-author\"><span class=\"glsr-tag-value\">Bruno Oliveira<\/span><\/div> \n    \n<\/div>\n    <\/div>\n    \n<\/div><\/div><\/p>\n\n\n\n<p style=\"text-align:center\"><strong>_____________________________________________________________________<\/strong><\/p>\n\n\n\n<p><code><div class=\"glsr glsr-default\" id=\"glsr_e9b0573d\" data-from=\"shortcode\" data-shortcode=\"site_reviews_form\" data-assigned_posts=\"25040\"><div class=\"glsr-form-wrap\">\n    <form class=\"glsr-review-form glsr-form\" method=\"post\" enctype=\"multipart\/form-data\">\n        <input type=\"hidden\" name=\"site-reviews[_action]\" value=\"submit-review\" \/>\n<input type=\"hidden\" name=\"site-reviews[_nonce]\" value=\"1d7d5bcebd\" \/>\n<input type=\"hidden\" name=\"site-reviews[_post_id]\" value=\"25040\" \/>\n<input type=\"hidden\" name=\"site-reviews[_referer]\" value=\"\" \/>\n<input type=\"hidden\" name=\"site-reviews[assigned_posts]\" value=\"25040\" \/>\n<input type=\"hidden\" name=\"site-reviews[assigned_terms]\" value=\"\" \/>\n<input type=\"hidden\" name=\"site-reviews[assigned_users]\" value=\"\" \/>\n<input type=\"hidden\" name=\"site-reviews[excluded]\" value=\"\" \/>\n<input type=\"hidden\" name=\"site-reviews[form_id]\" value=\"glsr_e9b0573d\" \/>\n<input type=\"hidden\" name=\"site-reviews[terms_exist]\" value=\"1\" \/>\n<input type=\"hidden\" name=\"site-reviews[form_signature]\" value=\"55jds74RyiNTfAlu_b0fMC6w7zHy-Iyaf4soLnvh_qS6N8j8u2jp_Eq2Qj-Y0SQAJ-4f4vWeQF4iflb-sVVJL1H2S21Xqak4YPsAnUj2Q7Q2CXWmCz_yM3LH-njWDnKXbSozgN3RzvCH6T0q6VXazEnvo-DpJldjWLPnnQWlLjXOYKHh-Z-xpEW5xQNhdfuyM28e_djkjZj6ZdQBpHE2RxpK42Og2_tv6kZ9jRS4ajkYrvXKDvEPBNjPbBTQO3dTMUkAoRuYYLjlPBOs_NoYVyTceEXBr2SbXQNr0tO96mqnPig-m0Rok4kIhxKUF5ov7eoLhPCsGg3te8njxDVcHqn4YkRqFY0WomeRkUyplqJ2UKI1jhDoltXxtnd1oxwrPFpTeTganlWrtTNSmypIWaEY9NjvYSuyzag\" \/>\n<div class=\"glsr-field\" style=\"display:none;\"><label for=\"site-reviews-cb2d54ac-glsr_e9b0573d\">Your review<\/label><input type=\"text\" class=\"glsr-input glsr-input-text\" id=\"site-reviews-cb2d54ac-glsr_e9b0573d\" name=\"site-reviews[cb2d54ac]\" value=\"\" \/><\/div>\n<div class=\"glsr-field glsr-field-rating glsr-required\" data-field=\"rating\">\n    <label class=\"glsr-label\" for=\"glsr_e9b0573d-rating\">\n    <span>Your overall rating<\/span>\n<\/label>\n    <select class=\"browser-default disable-select no_wrap no-wrap glsr-select\" id=\"glsr_e9b0573d-rating\" name=\"site-reviews[rating]\" required><option value=\"\">Select a Rating<\/option><option value=\"5\">5 Stars<\/option><option value=\"4\">4 Stars<\/option><option value=\"3\">3 Stars<\/option><option value=\"2\">2 Stars<\/option><option value=\"1\">1 Star<\/option><\/select>\n    <div class=\"glsr-field-error\"><\/div>\n<\/div>\n<div class=\"glsr-field glsr-field-text glsr-required\" data-field=\"title\">\n    <label class=\"glsr-label\" for=\"glsr_e9b0573d-title\">\n    <span>Title of your review<\/span>\n<\/label>\n    <input type=\"text\" class=\"glsr-input glsr-input-text\" id=\"glsr_e9b0573d-title\" name=\"site-reviews[title]\" required placeholder=\"Summarize your review or highlight an interesting detail\" value=\"\" \/>\n    <div class=\"glsr-field-error\"><\/div>\n<\/div>\n<div class=\"glsr-field glsr-field-textarea glsr-required\" data-field=\"content\">\n    <label class=\"glsr-label\" for=\"glsr_e9b0573d-content\">\n    <span>Your review<\/span>\n<\/label>\n    <textarea class=\"glsr-textarea\" id=\"glsr_e9b0573d-content\" name=\"site-reviews[content]\" required placeholder=\"Tell people your review\" rows=\"5\"><\/textarea>\n    <div class=\"glsr-field-error\"><\/div>\n<\/div>\n<div class=\"glsr-field glsr-field-text glsr-required\" data-field=\"name\">\n    <label class=\"glsr-label\" for=\"glsr_e9b0573d-name\">\n    <span>Your name<\/span>\n<\/label>\n    <input type=\"text\" class=\"glsr-input glsr-input-text\" id=\"glsr_e9b0573d-name\" name=\"site-reviews[name]\" required placeholder=\"Tell us your name\" value=\"\" \/>\n    <div class=\"glsr-field-error\"><\/div>\n<\/div>\n<div class=\"glsr-field glsr-field-email glsr-required\" data-field=\"email\">\n    <label class=\"glsr-label\" for=\"glsr_e9b0573d-email\">\n    <span>Your email<\/span>\n<\/label>\n    <input type=\"email\" class=\"glsr-input glsr-input-email\" id=\"glsr_e9b0573d-email\" name=\"site-reviews[email]\" required placeholder=\"Tell us your email\" value=\"\" \/>\n    <div class=\"glsr-field-error\"><\/div>\n<\/div>\n<div class=\"glsr-field glsr-field-choice glsr-required\" data-field=\"terms\">\n    \n    <span class=\"glsr-field-toggle\">\n    <span class=\"glsr-toggle\">\n        <label for=\"glsr_e9b0573d-terms-1\">This review is based on my own experience and is my genuine opinion.<\/label>\n        <span class=\"glsr-toggle-switch\">\n            <input type=\"checkbox\" class=\"glsr-input-toggle\" id=\"glsr_e9b0573d-terms-1\" name=\"site-reviews[terms]\" required value=\"1\" \/> &#8203; <!-- zero-space character used for alignment -->\n            <span class=\"glsr-toggle-track\"><\/span>\n        <\/span>\n    <\/span>\n<\/span>\n    <div class=\"glsr-field-error\"><\/div>\n<\/div>\n        <div class=\"glsr-form-message\">\n    \n<\/div>\n        <div data-field=\"submit-button\">\n    <div class=\"wp-block-buttons is-layout-flex\">\n        <div class=\"wp-block-button\">\n            <button type=\"submit\" class=\"glsr-button wp-block-button__link wp-element-button\" aria-busy=\"false\" data-loading=\"Submitting, please wait...\">Submit Review<\/button>\n        <\/div>\n    <\/div>\n<\/div>\n    <\/form>\n<\/div><\/div><\/code><br><br><\/p>\n","protected":false},"excerpt":{"rendered":"<p>Desde j\u00e1 o nosso muito obrigado pela sua prefer\u00eancia!Tentaremos fazer de tudo para melhor o [&hellip;]<\/p>\n","protected":false},"author":1,"featured_media":0,"parent":0,"menu_order":0,"comment_status":"closed","ping_status":"closed","template":"","meta":{"jetpack_post_was_ever_published":false,"_glsr_average":5,"_glsr_ranking":4.375,"_glsr_reviews":14,"footnotes":""},"class_list":["post-25040","page","type-page","status-publish","hentry"],"jetpack_shortlink":"https:\/\/wp.me\/PaJDCZ-6vS","jetpack_sharing_enabled":true,"jetpack_likes_enabled":false,"_links":{"self":[{"href":"https:\/\/www.standnitrocar.com\/stand\/wp-json\/wp\/v2\/pages\/25040","targetHints":{"allow":["GET"]}}],"collection":[{"href":"https:\/\/www.standnitrocar.com\/stand\/wp-json\/wp\/v2\/pages"}],"about":[{"href":"https:\/\/www.standnitrocar.com\/stand\/wp-json\/wp\/v2\/types\/page"}],"author":[{"embeddable":true,"href":"https:\/\/www.standnitrocar.com\/stand\/wp-json\/wp\/v2\/users\/1"}],"replies":[{"embeddable":true,"href":"https:\/\/www.standnitrocar.com\/stand\/wp-json\/wp\/v2\/comments?post=25040"}],"version-history":[{"count":29,"href":"https:\/\/www.standnitrocar.com\/stand\/wp-json\/wp\/v2\/pages\/25040\/revisions"}],"predecessor-version":[{"id":26676,"href":"https:\/\/www.standnitrocar.com\/stand\/wp-json\/wp\/v2\/pages\/25040\/revisions\/26676"}],"wp:attachment":[{"href":"https:\/\/www.standnitrocar.com\/stand\/wp-json\/wp\/v2\/media?parent=25040"}],"curies":[{"name":"wp","href":"https:\/\/api.w.org\/{rel}","templated":true}]}}