{"id":38012,"date":"2023-01-17T23:43:02","date_gmt":"2023-01-17T22:43:02","guid":{"rendered":"https:\/\/www.standnitrocar.com\/stand\/?page_id=38012"},"modified":"2023-01-17T23:49:27","modified_gmt":"2023-01-17T22:49:27","slug":"ganhe-ferias","status":"publish","type":"page","link":"https:\/\/www.standnitrocar.com\/stand\/ganhe-ferias\/","title":{"rendered":"Ganhe F\u00e9rias"},"content":{"rendered":"\n<p class=\"has-text-align-center\">Na compra de uma viatura no nosso stand ou na contrata\u00e7\u00e3o de servi\u00e7os nas oficinas no valor a partir de 500.00\u20ac oferta de 1 voucher de Oferta de F\u00e9rias!<\/p>\n\n\n<div class=\"wp-block-image is-style-default\">\n<figure class=\"aligncenter size-full is-resized\"><a href=\"https:\/\/i0.wp.com\/www.standnitrocar.com\/stand\/wp-content\/uploads\/2023\/01\/feriasOferta-1.jpg?ssl=1\"><img data-recalc-dims=\"1\" loading=\"lazy\" decoding=\"async\" data-attachment-id=\"38013\" data-permalink=\"https:\/\/www.standnitrocar.com\/stand\/ganhe-ferias\/feriasoferta-1\/\" data-orig-file=\"https:\/\/i0.wp.com\/www.standnitrocar.com\/stand\/wp-content\/uploads\/2023\/01\/feriasOferta-1.jpg?fit=554%2C1024&amp;ssl=1\" data-orig-size=\"554,1024\" data-comments-opened=\"1\" data-image-meta=\"{&quot;aperture&quot;:&quot;0&quot;,&quot;credit&quot;:&quot;&quot;,&quot;camera&quot;:&quot;&quot;,&quot;caption&quot;:&quot;&quot;,&quot;created_timestamp&quot;:&quot;0&quot;,&quot;copyright&quot;:&quot;&quot;,&quot;focal_length&quot;:&quot;0&quot;,&quot;iso&quot;:&quot;0&quot;,&quot;shutter_speed&quot;:&quot;0&quot;,&quot;title&quot;:&quot;&quot;,&quot;orientation&quot;:&quot;0&quot;}\" data-image-title=\"feriasOferta-1\" data-image-description=\"\" data-image-caption=\"\" data-medium-file=\"https:\/\/i0.wp.com\/www.standnitrocar.com\/stand\/wp-content\/uploads\/2023\/01\/feriasOferta-1.jpg?fit=162%2C300&amp;ssl=1\" data-large-file=\"https:\/\/i0.wp.com\/www.standnitrocar.com\/stand\/wp-content\/uploads\/2023\/01\/feriasOferta-1.jpg?resize=554%2C350&amp;ssl=1\" src=\"https:\/\/i0.wp.com\/www.standnitrocar.com\/stand\/wp-content\/uploads\/2023\/01\/feriasOferta-1.jpg?resize=277%2C512&#038;ssl=1\" alt=\"\" class=\"wp-image-38013\" width=\"277\" height=\"512\" srcset=\"https:\/\/i0.wp.com\/www.standnitrocar.com\/stand\/wp-content\/uploads\/2023\/01\/feriasOferta-1.jpg?w=554&amp;ssl=1 554w, https:\/\/i0.wp.com\/www.standnitrocar.com\/stand\/wp-content\/uploads\/2023\/01\/feriasOferta-1.jpg?resize=162%2C300&amp;ssl=1 162w\" sizes=\"auto, (max-width: 277px) 100vw, 277px\" \/><\/a><\/figure>\n<\/div>\n\n\n<p class=\"has-text-align-center\"><strong> F\u00c9RIAS EM V\u00c1RIOS DESTINOS DIFERENTES \u00c0 SUA ESCOLHA! PORTUGAL E ILHAS.<\/strong><\/p>\n\n\n\n<p class=\"has-text-align-center\"><strong>Informe-se aqui!<\/strong><br>Para informa\u00e7\u00f5es e condi\u00e7\u00f5es da oferta clique no seguinte link:&nbsp;<a rel=\"noreferrer noopener\" href=\"http:\/\/www.exclusive-bonus.pt\/\" target=\"_blank\">www.exclusive-bonus.pt<\/a><\/p>\n","protected":false},"excerpt":{"rendered":"<p>Na compra de uma viatura no nosso stand ou na contrata\u00e7\u00e3o de servi\u00e7os nas oficinas [&hellip;]<\/p>\n","protected":false},"author":1,"featured_media":0,"parent":0,"menu_order":0,"comment_status":"closed","ping_status":"closed","template":"","meta":{"jetpack_post_was_ever_published":false,"_glsr_average":0,"_glsr_ranking":0,"_glsr_reviews":0,"footnotes":""},"class_list":["post-38012","page","type-page","status-publish","hentry"],"jetpack_shortlink":"https:\/\/wp.me\/PaJDCZ-9T6","jetpack_sharing_enabled":true,"jetpack_likes_enabled":false,"_links":{"self":[{"href":"https:\/\/www.standnitrocar.com\/stand\/wp-json\/wp\/v2\/pages\/38012","targetHints":{"allow":["GET"]}}],"collection":[{"href":"https:\/\/www.standnitrocar.com\/stand\/wp-json\/wp\/v2\/pages"}],"about":[{"href":"https:\/\/www.standnitrocar.com\/stand\/wp-json\/wp\/v2\/types\/page"}],"author":[{"embeddable":true,"href":"https:\/\/www.standnitrocar.com\/stand\/wp-json\/wp\/v2\/users\/1"}],"replies":[{"embeddable":true,"href":"https:\/\/www.standnitrocar.com\/stand\/wp-json\/wp\/v2\/comments?post=38012"}],"version-history":[{"count":3,"href":"https:\/\/www.standnitrocar.com\/stand\/wp-json\/wp\/v2\/pages\/38012\/revisions"}],"predecessor-version":[{"id":38018,"href":"https:\/\/www.standnitrocar.com\/stand\/wp-json\/wp\/v2\/pages\/38012\/revisions\/38018"}],"wp:attachment":[{"href":"https:\/\/www.standnitrocar.com\/stand\/wp-json\/wp\/v2\/media?parent=38012"}],"curies":[{"name":"wp","href":"https:\/\/api.w.org\/{rel}","templated":true}]}}