{"id":67,"date":"2014-04-24T15:34:09","date_gmt":"2014-04-24T15:34:09","guid":{"rendered":"http:\/\/www.standnitrocar.com\/standnitrocar\/?page_id=67"},"modified":"2023-11-28T20:07:25","modified_gmt":"2023-11-28T19:07:25","slug":"financiamento","status":"publish","type":"page","link":"https:\/\/www.standnitrocar.com\/stand\/financiamento\/","title":{"rendered":"Intermedi\u00e1rio de cr\u00e9dito"},"content":{"rendered":"<p style=\"color: #555555;\"><strong><a href=\"https:\/\/i0.wp.com\/www.standnitrocar.com\/stand\/wp-content\/uploads\/2021\/07\/papelada.png?ssl=1\"><img data-recalc-dims=\"1\" loading=\"lazy\" decoding=\"async\" data-attachment-id=\"33135\" data-permalink=\"https:\/\/www.standnitrocar.com\/stand\/financiamento\/papelada\/\" data-orig-file=\"https:\/\/i0.wp.com\/www.standnitrocar.com\/stand\/wp-content\/uploads\/2021\/07\/papelada.png?fit=694%2C214&amp;ssl=1\" data-orig-size=\"694,214\" data-comments-opened=\"1\" data-image-meta=\"{&quot;aperture&quot;:&quot;0&quot;,&quot;credit&quot;:&quot;&quot;,&quot;camera&quot;:&quot;&quot;,&quot;caption&quot;:&quot;&quot;,&quot;created_timestamp&quot;:&quot;0&quot;,&quot;copyright&quot;:&quot;&quot;,&quot;focal_length&quot;:&quot;0&quot;,&quot;iso&quot;:&quot;0&quot;,&quot;shutter_speed&quot;:&quot;0&quot;,&quot;title&quot;:&quot;&quot;,&quot;orientation&quot;:&quot;0&quot;}\" data-image-title=\"papelada\" data-image-description=\"\" data-image-caption=\"\" data-medium-file=\"https:\/\/i0.wp.com\/www.standnitrocar.com\/stand\/wp-content\/uploads\/2021\/07\/papelada.png?fit=300%2C93&amp;ssl=1\" data-large-file=\"https:\/\/i0.wp.com\/www.standnitrocar.com\/stand\/wp-content\/uploads\/2021\/07\/papelada.png?resize=694%2C214&amp;ssl=1\" class=\"aligncenter wp-image-33135 size-full\" src=\"https:\/\/i0.wp.com\/www.standnitrocar.com\/stand\/wp-content\/uploads\/2021\/07\/papelada.png?resize=694%2C214&#038;ssl=1\" alt=\"\" width=\"694\" height=\"214\" srcset=\"https:\/\/i0.wp.com\/www.standnitrocar.com\/stand\/wp-content\/uploads\/2021\/07\/papelada.png?w=694&amp;ssl=1 694w, https:\/\/i0.wp.com\/www.standnitrocar.com\/stand\/wp-content\/uploads\/2021\/07\/papelada.png?resize=300%2C93&amp;ssl=1 300w\" sizes=\"auto, (max-width: 694px) 100vw, 694px\" \/><\/a><\/strong><\/p>\n<p style=\"text-align: center;\"><strong>INFORMA\u00c7\u00c3O RELATIVA \u00c0 ATIVIDADE DE INTERMEDI\u00c1RIO DE CR\u00c9DITO<\/strong><\/p>\n<ol start=\"1\">\n<li>EXTREME POSITION LDA, est\u00e1 registadO Categoria de intermedi\u00e1rio de cr\u00e9dito A T\u00edTULO ACESSORIO no Banco de Portugal sob o n\u00ba 0000518.<\/li>\n<\/ol>\n<ol start=\"2\">\n<li>REGISTO\u00a0<i>DISPONIVEL PARA<\/i> CONSULTA no portal do cliente banc\u00e1rio em:\u00a0 \u00a0 \u00a0 \u00a0 \u00a0 \u00a0 \u00a0<a style=\"font-size: revert;\" href=\"https:\/\/www.bportugal.pt\/intermediariocreditofar\/EXTREME-POSITION-LDA\" target=\"_blank\" rel=\"noopener\" data-saferedirecturl=\"https:\/\/www.google.com\/url?q=https:\/\/www.bportugal.pt\/intermediariocreditofar\/EXTREME-POSITION-LDA&amp;source=gmail&amp;ust=1701284760168000&amp;usg=AOvVaw0Nn4WSAxd4gca2Xioe6VN4\">https:\/\/www.bportugal.pt\/<wbr \/>intermediariocreditofar\/<wbr \/>EXTREME-POSITION-LDA<\/a><span style=\"font-size: revert; color: initial;\"> \u00a0<\/span><\/li>\n<\/ol>\n<ol start=\"3\">\n<li>CONTACTOS:\n<ol start=\"1\">\n<li>Sede NA RUA DE BEIRE 1260 4520-606 S\u00c3O JO\u00c3O DE VER;<\/li>\n<li>Telefone: 256\u00a0793 029;<\/li>\n<li>Email:\u00a0<a href=\"mailto:standnitrocar@hotmail.com\" target=\"_blank\" rel=\"noopener\">standnitrocar@hotmail.com<\/a><\/li>\n<\/ol>\n<\/li>\n<\/ol>\n<ol start=\"4\">\n<li>Mutuantes com quem mant\u00eam contrato de vincula\u00e7\u00e3o:<\/li>\n<\/ol>\n<p>321 Cr\u00e9dito Institui\u00e7\u00e3o Financeira de Cr\u00e9dito SA<br \/>\nMontepio Cr\u00e9dito Institui\u00e7\u00e3o Financeira de Cr\u00e9dito SA<br \/>\nBanco Credibom SA<br \/>\nBanco Primus SA<\/p>\n<ol start=\"5\">\n<li>Servi\u00e7os de intermedia\u00e7\u00e3o de cr\u00e9dito:\n<ol start=\"1\">\n<li>APRESENTA\u00c7\u00c3O OU PROPOSTA DE CONTRATOS DE CR\u00c9DITO A CONSUMIDORES;<\/li>\n<\/ol>\n<\/li>\n<\/ol>\n<p>6. Contrato de seguro de responsabilidade civil profissional celebrado com:\u00a0Allianz Portugal SA \u2013 AP\u00d3LICE N\u00ba 205826731 \u2013 V\u00c1LIDO de 17\/06\/2023 at\u00e9 17\/06\/2024<\/p>\n<p>7. O INTERMEDI\u00c1RIO DE CR\u00c9DITO EXTREME POSITION LDA N\u00c3O PODE RECEBER OU ENTREGAR quaisquer valores relacionados com a forma\u00e7\u00e3o, a execu\u00e7\u00e3o e o cumprimento antecipado dos contratos de cr\u00e9dito, nos termos do ARTIGO 46\u00ba DO DECRETO-LEI 81-C\/2017, DE 07\/07.<\/p>\n<p>8. a ATIVIDADE DE INTERMEDI\u00c1RIO DE CR\u00c9DITO DA <strong>EXTREME POSITION LDA<\/strong> EST\u00c1 SUJEITA \u00c0 SUPERVIS\u00c3O DO BANCO DE PORTUGAL.<\/p>\n<p style=\"color: #555555; text-align: right;\"><span style=\"color: #ff0000;\"><strong>Documentos necess\u00e1rios para o cr\u00e9dito<br \/>\nParticulares:<\/strong><\/span><br \/>\n<em>Cart\u00e3o Cidad\u00e3o\u00a0\u2022 NIF<\/em><br \/>\n<em>Comprovativo de morada\u00a0<\/em><br \/>\n<em>3 \u00faltimos recibos de vencimento\u00a0\u2022 IRS<\/em><\/p>\n<p style=\"text-align: right;\"><span style=\"color: #ff0000;\"><strong>Empresas:<\/strong><\/span><br \/>\n<em>Cart\u00e3o de cidad\u00e3o s\u00f3cio(s) gerente(s) \u2022 NIF empresa<\/em><br \/>\n<em>Comprovativo de morada \u2022 IES\u00a0<\/em><br \/>\n<em>\u00daltimo balancete \u2022 Certid\u00e3o comercial \u2022 IRC<\/em><\/p>\n<p style=\"color: #555555; text-align: justify;\"><strong>Preencha o formul\u00e1rio, e no mesmo dia teremos a sua resposta!<\/strong><br \/>\n<em>(Pode digitalizar e enviar toda a documenta\u00e7\u00e3o para o nosso e-mail, ou mesmo por messenger ou whatsapp)<\/em><\/p>\n<p style=\"color: #555555; text-align: justify;\">\n<div class=\"wpcf7 no-js\" id=\"wpcf7-f2785-o1\" lang=\"pt-PT\" dir=\"ltr\" data-wpcf7-id=\"2785\">\n<div class=\"screen-reader-response\"><p role=\"status\" aria-live=\"polite\" aria-atomic=\"true\"><\/p> <ul><\/ul><\/div>\n<form action=\"\/stand\/wp-json\/wp\/v2\/pages\/67#wpcf7-f2785-o1\" method=\"post\" class=\"wpcf7-form init\" aria-label=\"Formul\u00e1rio de contacto\" enctype=\"multipart\/form-data\" novalidate=\"novalidate\" data-status=\"init\">\n<fieldset class=\"hidden-fields-container\"><input type=\"hidden\" name=\"_wpcf7\" value=\"2785\" \/><input type=\"hidden\" name=\"_wpcf7_version\" value=\"6.1.5\" \/><input type=\"hidden\" name=\"_wpcf7_locale\" value=\"pt_PT\" \/><input type=\"hidden\" name=\"_wpcf7_unit_tag\" value=\"wpcf7-f2785-o1\" \/><input type=\"hidden\" name=\"_wpcf7_container_post\" value=\"0\" \/><input type=\"hidden\" name=\"_wpcf7_posted_data_hash\" value=\"\" \/>\n<\/fieldset>\n<p>Nome (obrigat\u00f3rio)\n<\/p>\n<p><span class=\"wpcf7-form-control-wrap\" data-name=\"your-name\"><input size=\"40\" maxlength=\"400\" class=\"wpcf7-form-control wpcf7-text wpcf7-validates-as-required\" aria-required=\"true\" aria-invalid=\"false\" value=\"\" type=\"text\" name=\"your-name\" \/><\/span>\n<\/p>\n<p>E-mail (obrigat\u00f3rio)\n<\/p>\n<p><span class=\"wpcf7-form-control-wrap\" data-name=\"your-email\"><input size=\"40\" maxlength=\"400\" class=\"wpcf7-form-control wpcf7-email wpcf7-validates-as-required wpcf7-text wpcf7-validates-as-email\" aria-required=\"true\" aria-invalid=\"false\" value=\"\" type=\"email\" name=\"your-email\" \/><\/span>\n<\/p>\n<p>Contacto (obrigat\u00f3rio)\n<\/p>\n<p><span class=\"wpcf7-form-control-wrap\" data-name=\"contacto\"><input size=\"40\" maxlength=\"400\" class=\"wpcf7-form-control wpcf7-text wpcf7-validates-as-required\" aria-required=\"true\" aria-invalid=\"false\" value=\"\" type=\"text\" name=\"contacto\" \/><\/span>\n<\/p>\n<p>Morada\n<\/p>\n<p><span class=\"wpcf7-form-control-wrap\" data-name=\"morada\"><textarea cols=\"40\" rows=\"4\" maxlength=\"2000\" class=\"wpcf7-form-control wpcf7-textarea\" aria-invalid=\"false\" name=\"morada\"><\/textarea><\/span>\n<\/p>\n<p>Entrada Inicial\n<\/p>\n<p><span class=\"wpcf7-form-control-wrap\" data-name=\"entrada\"><input size=\"40\" maxlength=\"400\" class=\"wpcf7-form-control wpcf7-text\" aria-invalid=\"false\" value=\"\" type=\"text\" name=\"entrada\" \/><\/span>\n<\/p>\n<p>N\u00famero de Meses (obrigat\u00f3rio)\n<\/p>\n<p><span class=\"wpcf7-form-control-wrap\" data-name=\"meses\"><input size=\"40\" maxlength=\"400\" class=\"wpcf7-form-control wpcf7-text wpcf7-validates-as-required\" aria-required=\"true\" aria-invalid=\"false\" value=\"\" type=\"text\" name=\"meses\" \/><\/span>\n<\/p>\n<p>Viatura Retoma (Marca, Modelo, Ano e Km's)\n<\/p>\n<p><span class=\"wpcf7-form-control-wrap\" data-name=\"viaturaretoma\"><textarea cols=\"40\" rows=\"4\" maxlength=\"2000\" class=\"wpcf7-form-control wpcf7-textarea\" aria-invalid=\"false\" name=\"viaturaretoma\"><\/textarea><\/span>\n<\/p>\n<p>Viatura Pretendida (Marca, Modelo e Vers\u00e3o)\n<\/p>\n<p><span class=\"wpcf7-form-control-wrap\" data-name=\"viatura\"><textarea cols=\"40\" rows=\"4\" maxlength=\"2000\" class=\"wpcf7-form-control wpcf7-textarea\" aria-invalid=\"false\" name=\"viatura\"><\/textarea><\/span>\n<\/p>\n<p>Outras quest\u00f5es\n<\/p>\n<p><span class=\"wpcf7-form-control-wrap\" data-name=\"questoes\"><textarea cols=\"40\" rows=\"4\" maxlength=\"2000\" class=\"wpcf7-form-control wpcf7-textarea\" aria-invalid=\"false\" name=\"questoes\"><\/textarea><\/span>\n<\/p>\n<p><b>(opcional) Caso queira j\u00e1 uma pr\u00e9-aprova\u00e7\u00e3o, envie-nos os seguintes documentos em jpg ou pdf:<\/b>\n<\/p>\n<p>Fotoc\u00f3pia NIF\n<\/p>\n<p><span class=\"wpcf7-form-control-wrap\" data-name=\"nif\"><input size=\"40\" class=\"wpcf7-form-control wpcf7-file\" accept=\"audio\/*,video\/*,image\/*\" aria-invalid=\"false\" type=\"file\" name=\"nif\" \/><\/span>\n<\/p>\n<p>Fotoc\u00f3pia Cart\u00e3o Cidad\u00e3o\n<\/p>\n<p><span class=\"wpcf7-form-control-wrap\" data-name=\"bi\"><input size=\"40\" class=\"wpcf7-form-control wpcf7-file\" accept=\"audio\/*,video\/*,image\/*\" aria-invalid=\"false\" type=\"file\" name=\"bi\" \/><\/span>\n<\/p>\n<p>Fotoc\u00f3pia do N.I.B.\n<\/p>\n<p><span class=\"wpcf7-form-control-wrap\" data-name=\"nib\"><input size=\"40\" class=\"wpcf7-form-control wpcf7-file\" accept=\"audio\/*,video\/*,image\/*\" aria-invalid=\"false\" type=\"file\" name=\"nib\" \/><\/span>\n<\/p>\n<p>Comprovativo de Morada\n<\/p>\n<p><span class=\"wpcf7-form-control-wrap\" data-name=\"morada\"><input size=\"40\" class=\"wpcf7-form-control wpcf7-file\" accept=\"audio\/*,video\/*,image\/*\" aria-invalid=\"false\" type=\"file\" name=\"morada\" \/><\/span>\n<\/p>\n<p>Recibo de Vencimento Recente\n<\/p>\n<p><span class=\"wpcf7-form-control-wrap\" data-name=\"recibo\"><input size=\"40\" class=\"wpcf7-form-control wpcf7-file\" accept=\"audio\/*,video\/*,image\/*\" aria-invalid=\"false\" type=\"file\" name=\"recibo\" \/><\/span>\n<\/p>\n<p>Fotoc\u00f3pia I.R.S.\n<\/p>\n<p><span class=\"wpcf7-form-control-wrap\" data-name=\"irs\"><input size=\"40\" class=\"wpcf7-form-control wpcf7-file\" accept=\"audio\/*,video\/*,image\/*\" aria-invalid=\"false\" type=\"file\" name=\"irs\" \/><\/span>\n<\/p>\n<p><input type=\"hidden\" name=\"_wpcf7_captcha_challenge_captcha-869\" value=\"1727601592\" \/><img data-recalc-dims=\"1\" loading=\"lazy\" decoding=\"async\" class=\"wpcf7-form-control wpcf7-captchac wpcf7-captcha-captcha-869\" width=\"72\" height=\"24\" alt=\"captcha\" src=\"https:\/\/i0.wp.com\/www.standnitrocar.com\/stand\/wp-content\/uploads\/wpcf7_captcha\/1727601592.png?resize=72%2C24&#038;ssl=1\" \/><span class=\"wpcf7-form-control-wrap\" data-name=\"captcha-869\"><input size=\"40\" class=\"wpcf7-form-control wpcf7-captchar\" autocomplete=\"off\" aria-invalid=\"false\" value=\"\" type=\"text\" name=\"captcha-869\" \/><\/span>\n<\/p>\n<p><span class=\"wpcf7-form-control-wrap\" data-name=\"autorizacao\"><span class=\"wpcf7-form-control wpcf7-acceptance\"><span class=\"wpcf7-list-item\"><input type=\"checkbox\" name=\"autorizacao\" value=\"1\" aria-invalid=\"false\" \/><\/span><\/span><\/span> Autorizo o uso dos meus dados de contacto, de forma a que possa ser contactado por parte do Stand Nitrocar, com partilha dos meus dados apenas com as entidades de financiamento.\n<\/p>\n<p><input class=\"wpcf7-form-control wpcf7-submit has-spinner\" type=\"submit\" value=\"Enviar\" \/>\n<\/p><p style=\"display: none !important;\" class=\"akismet-fields-container\" data-prefix=\"_wpcf7_ak_\"><label>&#916;<textarea name=\"_wpcf7_ak_hp_textarea\" cols=\"45\" rows=\"8\" maxlength=\"100\"><\/textarea><\/label><input type=\"hidden\" id=\"ak_js_1\" name=\"_wpcf7_ak_js\" value=\"81\"\/><script>document.getElementById( \"ak_js_1\" ).setAttribute( \"value\", ( new Date() ).getTime() );<\/script><\/p><div class=\"wpcf7-response-output\" aria-hidden=\"true\"><\/div>\n<\/form>\n<\/div>\n<\/p>\n<p>O <strong>Stand Nitrocar<\/strong> \u00e9 intermedi\u00e1rio de cr\u00e9dito autorizado pelo Banco de Portugal com o n\u00ba de registo 0000518.<\/p>\n<p>Aceda aqui ao nosso registo: <a href=\"https:\/\/www.bportugal.pt\/intermediariocreditofar\/extreme-position-lda\" target=\"_blank\" rel=\"noopener noreferrer\">Ver mais<\/a><\/p>\n","protected":false},"excerpt":{"rendered":"<p>INFORMA\u00c7\u00c3O RELATIVA \u00c0 ATIVIDADE DE INTERMEDI\u00c1RIO DE CR\u00c9DITO EXTREME POSITION LDA, est\u00e1 registadO Categoria de [&hellip;]<\/p>\n","protected":false},"author":1,"featured_media":0,"parent":0,"menu_order":0,"comment_status":"open","ping_status":"open","template":"","meta":{"jetpack_post_was_ever_published":false,"_glsr_average":0,"_glsr_ranking":0,"_glsr_reviews":0,"footnotes":""},"class_list":["post-67","page","type-page","status-publish","hentry"],"jetpack_shortlink":"https:\/\/wp.me\/PaJDCZ-15","jetpack_sharing_enabled":true,"jetpack_likes_enabled":false,"_links":{"self":[{"href":"https:\/\/www.standnitrocar.com\/stand\/wp-json\/wp\/v2\/pages\/67","targetHints":{"allow":["GET"]}}],"collection":[{"href":"https:\/\/www.standnitrocar.com\/stand\/wp-json\/wp\/v2\/pages"}],"about":[{"href":"https:\/\/www.standnitrocar.com\/stand\/wp-json\/wp\/v2\/types\/page"}],"author":[{"embeddable":true,"href":"https:\/\/www.standnitrocar.com\/stand\/wp-json\/wp\/v2\/users\/1"}],"replies":[{"embeddable":true,"href":"https:\/\/www.standnitrocar.com\/stand\/wp-json\/wp\/v2\/comments?post=67"}],"version-history":[{"count":10,"href":"https:\/\/www.standnitrocar.com\/stand\/wp-json\/wp\/v2\/pages\/67\/revisions"}],"predecessor-version":[{"id":41024,"href":"https:\/\/www.standnitrocar.com\/stand\/wp-json\/wp\/v2\/pages\/67\/revisions\/41024"}],"wp:attachment":[{"href":"https:\/\/www.standnitrocar.com\/stand\/wp-json\/wp\/v2\/media?parent=67"}],"curies":[{"name":"wp","href":"https:\/\/api.w.org\/{rel}","templated":true}]}}