{"id":80,"date":"2014-04-24T16:17:59","date_gmt":"2014-04-24T16:17:59","guid":{"rendered":"http:\/\/www.standnitrocar.com\/standnitrocar\/?page_id=80"},"modified":"2026-01-03T00:21:07","modified_gmt":"2026-01-02T23:21:07","slug":"contactos","status":"publish","type":"page","link":"https:\/\/www.standnitrocar.com\/stand\/contactos\/","title":{"rendered":"Contactos"},"content":{"rendered":"<p style=\"text-align: left;\"><strong style=\"font-size: inherit;\">Stand\/Escrit\u00f3rio\/Oficina:<\/strong><span style=\"font-size: inherit;\"> 256 793 029 <em>(Chamada para a rede fixa nacional)<\/em><\/span><\/p>\n<p><b>Ger\u00eancia\u00a0\/ Vendas e servi\u00e7os p\u00f3s venda:<\/b> Jos\u00e9 Pinto: 91 987 56 53 <em><span style=\"font-size: inherit;\">(Chamada para a rede m\u00f3vel nacional)<\/span><\/em><\/p>\n<p><strong>Administra\u00e7\u00e3o e Documenta\u00e7\u00e3o<\/strong>: Carina Pereira: 915 206 881 <em><span style=\"font-size: inherit;\">(Chamada para a rede m\u00f3vel nacional)<\/span><\/em><\/p>\n<p><strong>Reboque Permanente(24horas):<\/strong> Jos\u00e9 Pinto:\u00a091 987 56 53\u00a0<em>(Chamada para a rede m\u00f3vel nacional)<\/em><\/p>\n<p><strong>Email &amp; MSN:<\/strong>\u00a0standnitrocar@hotmail.com<\/p>\n<p><strong>Hor\u00e1rio:<\/strong><\/p>\n<ul>\n<li><strong>STAND<br \/>\nSegunda a Sexta:<\/strong>\u00a010h00 \u00e0s 13h00 e das 14h00 \u00e0s 19h00<br \/>\n<strong>S\u00e1bados, Domingos e Feriados:<\/strong>\u00a0S\u00f3 por marca\u00e7\u00e3o pr\u00e9via.\u00a0 Jos\u00e9 Pinto: 91 987 56 53\u00a0<i>(Chamada para a rede m\u00f3vel nacional)<\/i><\/li>\n<li><strong>OFICINA<br \/>\nSegunda a Sexta:<\/strong>\u00a009h00 \u00e0s 13h00 e das 14h00 \u00e0s 18h00<br \/>\n<strong>S\u00e1bados, Domingos e Feriados:\u00a0<\/strong>Encerrados.\u00a0 Jos\u00e9 Pinto: 91 987 56 53\u00a0<i>(Chamada para a rede m\u00f3vel nacional)\u00a0<\/i><\/li>\n<\/ul>\n<p style=\"text-align: left;\"><strong>Caso queira <a href=\"https:\/\/www.standnitrocar.com\/stand\/oficina\/\">agendar um servi\u00e7o na nossa oficina clique aqui.<\/a><\/strong><\/p>\n<p>Para outros assuntos,\u00a0entre em contacto connosco preenchendo o seguinte formul\u00e1rio.<\/p>\n\n<div class=\"wpcf7 no-js\" id=\"wpcf7-f2784-o1\" lang=\"pt-PT\" dir=\"ltr\" data-wpcf7-id=\"2784\">\n<div class=\"screen-reader-response\"><p role=\"status\" aria-live=\"polite\" aria-atomic=\"true\"><\/p> <ul><\/ul><\/div>\n<form action=\"\/stand\/wp-json\/wp\/v2\/pages\/80#wpcf7-f2784-o1\" method=\"post\" class=\"wpcf7-form init\" aria-label=\"Formul\u00e1rio de contacto\" novalidate=\"novalidate\" data-status=\"init\">\n<fieldset class=\"hidden-fields-container\"><input type=\"hidden\" name=\"_wpcf7\" value=\"2784\" \/><input type=\"hidden\" name=\"_wpcf7_version\" value=\"6.1.5\" \/><input type=\"hidden\" name=\"_wpcf7_locale\" value=\"pt_PT\" \/><input type=\"hidden\" name=\"_wpcf7_unit_tag\" value=\"wpcf7-f2784-o1\" \/><input type=\"hidden\" name=\"_wpcf7_container_post\" value=\"0\" \/><input type=\"hidden\" name=\"_wpcf7_posted_data_hash\" value=\"\" \/>\n<\/fieldset>\n<p>Nome (obrigat\u00f3rio)\n<\/p>\n<p><span class=\"wpcf7-form-control-wrap\" data-name=\"your-name\"><input size=\"40\" maxlength=\"400\" class=\"wpcf7-form-control wpcf7-text wpcf7-validates-as-required\" aria-required=\"true\" aria-invalid=\"false\" value=\"\" type=\"text\" name=\"your-name\" \/><\/span>\n<\/p>\n<p>E-mail (obrigat\u00f3rio)\n<\/p>\n<p><span class=\"wpcf7-form-control-wrap\" data-name=\"your-email\"><input size=\"40\" maxlength=\"400\" class=\"wpcf7-form-control wpcf7-email wpcf7-validates-as-required wpcf7-text wpcf7-validates-as-email\" aria-required=\"true\" aria-invalid=\"false\" value=\"\" type=\"email\" name=\"your-email\" \/><\/span>\n<\/p>\n<p>Assunto\n<\/p>\n<p><span class=\"wpcf7-form-control-wrap\" data-name=\"your-subject\"><input size=\"40\" maxlength=\"400\" class=\"wpcf7-form-control wpcf7-text\" aria-invalid=\"false\" value=\"\" type=\"text\" name=\"your-subject\" \/><\/span>\n<\/p>\n<p>A sua mensagem\n<\/p>\n<p><span class=\"wpcf7-form-control-wrap\" data-name=\"your-message\"><textarea cols=\"40\" rows=\"10\" maxlength=\"2000\" class=\"wpcf7-form-control wpcf7-textarea\" aria-invalid=\"false\" name=\"your-message\"><\/textarea><\/span>\n<\/p>\n<p><input type=\"hidden\" name=\"_wpcf7_captcha_challenge_captcha-346\" value=\"2552839696\" \/><img data-recalc-dims=\"1\" loading=\"lazy\" decoding=\"async\" class=\"wpcf7-form-control wpcf7-captchac wpcf7-captcha-captcha-346\" width=\"72\" height=\"24\" alt=\"captcha\" src=\"https:\/\/i0.wp.com\/www.standnitrocar.com\/stand\/wp-content\/uploads\/wpcf7_captcha\/2552839696.png?resize=72%2C24&#038;ssl=1\" \/><span class=\"wpcf7-form-control-wrap\" data-name=\"captcha-346\"><input size=\"40\" class=\"wpcf7-form-control wpcf7-captchar\" autocomplete=\"off\" aria-invalid=\"false\" value=\"\" type=\"text\" name=\"captcha-346\" \/><\/span>\n<\/p>\n<p><span class=\"wpcf7-form-control-wrap\" data-name=\"autorizacao\"><span class=\"wpcf7-form-control wpcf7-acceptance\"><span class=\"wpcf7-list-item\"><input type=\"checkbox\" name=\"autorizacao\" value=\"1\" aria-invalid=\"false\" \/><\/span><\/span><\/span> Autorizo o uso dos meus dados de contacto, de forma a que possa ser contactado por parte do Stand Nitrocar, sem partilha dos mesmos a terceiros.\n<\/p>\n<p><input class=\"wpcf7-form-control wpcf7-submit has-spinner\" type=\"submit\" value=\"Enviar\" \/>\n<\/p><p style=\"display: none !important;\" class=\"akismet-fields-container\" data-prefix=\"_wpcf7_ak_\"><label>&#916;<textarea name=\"_wpcf7_ak_hp_textarea\" cols=\"45\" rows=\"8\" maxlength=\"100\"><\/textarea><\/label><input type=\"hidden\" id=\"ak_js_1\" name=\"_wpcf7_ak_js\" value=\"242\"\/><script>document.getElementById( \"ak_js_1\" ).setAttribute( \"value\", ( new Date() ).getTime() );<\/script><\/p><div class=\"wpcf7-response-output\" aria-hidden=\"true\"><\/div>\n<\/form>\n<\/div>\n\n","protected":false},"excerpt":{"rendered":"<p>Stand\/Escrit\u00f3rio\/Oficina: 256 793 029 (Chamada para a rede fixa nacional) Ger\u00eancia\u00a0\/ Vendas e servi\u00e7os p\u00f3s [&hellip;]<\/p>\n","protected":false},"author":1,"featured_media":0,"parent":0,"menu_order":0,"comment_status":"open","ping_status":"open","template":"","meta":{"jetpack_post_was_ever_published":false,"_glsr_average":0,"_glsr_ranking":0,"_glsr_reviews":0,"footnotes":""},"class_list":["post-80","page","type-page","status-publish","hentry"],"jetpack_shortlink":"https:\/\/wp.me\/PaJDCZ-1i","jetpack_sharing_enabled":true,"jetpack_likes_enabled":false,"_links":{"self":[{"href":"https:\/\/www.standnitrocar.com\/stand\/wp-json\/wp\/v2\/pages\/80","targetHints":{"allow":["GET"]}}],"collection":[{"href":"https:\/\/www.standnitrocar.com\/stand\/wp-json\/wp\/v2\/pages"}],"about":[{"href":"https:\/\/www.standnitrocar.com\/stand\/wp-json\/wp\/v2\/types\/page"}],"author":[{"embeddable":true,"href":"https:\/\/www.standnitrocar.com\/stand\/wp-json\/wp\/v2\/users\/1"}],"replies":[{"embeddable":true,"href":"https:\/\/www.standnitrocar.com\/stand\/wp-json\/wp\/v2\/comments?post=80"}],"version-history":[{"count":50,"href":"https:\/\/www.standnitrocar.com\/stand\/wp-json\/wp\/v2\/pages\/80\/revisions"}],"predecessor-version":[{"id":46288,"href":"https:\/\/www.standnitrocar.com\/stand\/wp-json\/wp\/v2\/pages\/80\/revisions\/46288"}],"wp:attachment":[{"href":"https:\/\/www.standnitrocar.com\/stand\/wp-json\/wp\/v2\/media?parent=80"}],"curies":[{"name":"wp","href":"https:\/\/api.w.org\/{rel}","templated":true}]}}