{"id":91,"date":"2014-04-24T16:33:22","date_gmt":"2014-04-24T16:33:22","guid":{"rendered":"http:\/\/www.standnitrocar.com\/standnitrocar\/?page_id=91"},"modified":"2026-01-03T00:35:32","modified_gmt":"2026-01-02T23:35:32","slug":"vender-carro","status":"publish","type":"page","link":"https:\/\/www.standnitrocar.com\/stand\/vender-carro\/","title":{"rendered":"Venda j\u00e1 o seu carro"},"content":{"rendered":"<p style=\"text-align: center;\"><img data-recalc-dims=\"1\" loading=\"lazy\" decoding=\"async\" data-attachment-id=\"95\" data-permalink=\"https:\/\/www.standnitrocar.com\/stand\/vender-carro\/carronahora\/\" data-orig-file=\"https:\/\/i0.wp.com\/www.standnitrocar.com\/stand\/wp-content\/uploads\/2014\/04\/carronahora.jpg?fit=595%2C150&amp;ssl=1\" data-orig-size=\"595,150\" data-comments-opened=\"1\" data-image-meta=\"{&quot;aperture&quot;:&quot;0&quot;,&quot;credit&quot;:&quot;&quot;,&quot;camera&quot;:&quot;&quot;,&quot;caption&quot;:&quot;&quot;,&quot;created_timestamp&quot;:&quot;0&quot;,&quot;copyright&quot;:&quot;&quot;,&quot;focal_length&quot;:&quot;0&quot;,&quot;iso&quot;:&quot;0&quot;,&quot;shutter_speed&quot;:&quot;0&quot;,&quot;title&quot;:&quot;&quot;}\" data-image-title=\"carronahora\" data-image-description=\"\" data-image-caption=\"\" data-medium-file=\"https:\/\/i0.wp.com\/www.standnitrocar.com\/stand\/wp-content\/uploads\/2014\/04\/carronahora.jpg?fit=300%2C75&amp;ssl=1\" data-large-file=\"https:\/\/i0.wp.com\/www.standnitrocar.com\/stand\/wp-content\/uploads\/2014\/04\/carronahora.jpg?resize=595%2C150&amp;ssl=1\" class=\"size-full wp-image-95 aligncenter\" src=\"https:\/\/i0.wp.com\/www.standnitrocar.com\/stand\/wp-content\/uploads\/2014\/04\/carronahora.jpg?resize=595%2C150&#038;ssl=1\" alt=\"carronahora\" width=\"595\" height=\"150\" srcset=\"https:\/\/i0.wp.com\/www.standnitrocar.com\/stand\/wp-content\/uploads\/2014\/04\/carronahora.jpg?w=595&amp;ssl=1 595w, https:\/\/i0.wp.com\/www.standnitrocar.com\/stand\/wp-content\/uploads\/2014\/04\/carronahora.jpg?resize=300%2C75&amp;ssl=1 300w\" sizes=\"auto, (max-width: 595px) 100vw, 595px\" \/><span style=\"color: #ffffff;\"><strong><br \/>\n<\/strong><\/span><\/p>\n<h2 style=\"text-align: center;\"><span style=\"color: #ffffff;\"><strong>PAGAMOS A DINHEIRO NA HORA DA COMPRA!<\/strong><\/span><\/h2>\n<p style=\"text-align: left;\"><strong>TEM UMA VIATURA PARA TROCAR OU VENDER?<\/strong><\/p>\n<ul>\n<li>O SEU NEG\u00d3CIO PODE ESTAR PERTO E DE FORMA R\u00c1PIDA!<\/li>\n<\/ul>\n<ul>\n<li>VENDA O SEU VEICULO DE FORMA R\u00c1PIDA E SEGURA;<\/li>\n<li>SEM TER DE PAGAR MULTAS (POR AN\u00daNCIOS AFIXADOS NO CARRO);<\/li>\n<li>SEM TER DE RECEBER EM PRESTA\u00c7\u00d5ES;<\/li>\n<li>SEM TER DE PERDER TEMPO E\/OU SER ENGANADO;<\/li>\n<\/ul>\n<p>Assim sendo, e para que n\u00e3o tenha que passar por nenhuma destas situa\u00e7\u00f5es, o STAND NITROCAR faz uma avalia\u00e7\u00e3o da sua viatura, mediante o valor atual da mesma, a fim de lhe poder proporcionar uma proposta digna e vantajosa para si, pagando a dinheiro, na hora!<\/p>\n<p>Contudo, e caso a nossa proposta N\u00c3O SEJA DE SEU AGRADO, poder\u00e1 deixar o seu ve\u00edculo em exposi\u00e7\u00e3o no nosso stand, sem qualquer tipo de custos, ficando a nossa empresa respons\u00e1vel pelo tratamento da mesma, a n\u00edvel de limpeza e tratamento de apar\u00eancia.<\/p>\n<p>Com tudo isto, passar\u00e1 a ter uma maior possibilidade de venda, pois a sua viatura estar\u00e1 vis\u00edvel ao nosso vasto n\u00famero de clientes, bem como exposta na Internet e outros meios de publicidade.<\/p>\n<p><strong>IMPORTANTE:<\/strong>\u00a0Aquando da venda, tratamos ainda de toda a documenta\u00e7\u00e3o, principalmente da Altera\u00e7\u00e3o de Registo de Propriedade na ato da entrega.<\/p>\n<h3 style=\"text-align: center;\"><strong>N\u00e3o venda nem troque o seu ve\u00edculo sem nos consultar.<\/strong><\/h3>\n<h4 style=\"text-align: center;\"><img data-recalc-dims=\"1\" loading=\"lazy\" decoding=\"async\" data-attachment-id=\"96\" data-permalink=\"https:\/\/www.standnitrocar.com\/stand\/vender-carro\/venda-carro-2-300x222\/\" data-orig-file=\"https:\/\/i0.wp.com\/www.standnitrocar.com\/stand\/wp-content\/uploads\/2014\/04\/VENDA-CARRO-2-300x222.jpg?fit=300%2C222&amp;ssl=1\" data-orig-size=\"300,222\" data-comments-opened=\"1\" data-image-meta=\"{&quot;aperture&quot;:&quot;0&quot;,&quot;credit&quot;:&quot;&quot;,&quot;camera&quot;:&quot;&quot;,&quot;caption&quot;:&quot;&quot;,&quot;created_timestamp&quot;:&quot;0&quot;,&quot;copyright&quot;:&quot;&quot;,&quot;focal_length&quot;:&quot;0&quot;,&quot;iso&quot;:&quot;0&quot;,&quot;shutter_speed&quot;:&quot;0&quot;,&quot;title&quot;:&quot;&quot;}\" data-image-title=\"VENDA-CARRO-2-300&amp;#215;222\" data-image-description=\"\" data-image-caption=\"\" data-medium-file=\"https:\/\/i0.wp.com\/www.standnitrocar.com\/stand\/wp-content\/uploads\/2014\/04\/VENDA-CARRO-2-300x222.jpg?fit=300%2C222&amp;ssl=1\" data-large-file=\"https:\/\/i0.wp.com\/www.standnitrocar.com\/stand\/wp-content\/uploads\/2014\/04\/VENDA-CARRO-2-300x222.jpg?resize=300%2C222&amp;ssl=1\" class=\"alignnone size-full wp-image-96 aligncenter\" src=\"https:\/\/i0.wp.com\/www.standnitrocar.com\/stand\/wp-content\/uploads\/2014\/04\/VENDA-CARRO-2-300x222.jpg?resize=300%2C222&#038;ssl=1\" alt=\"VENDA-CARRO-2-300x222\" width=\"300\" height=\"222\" \/><strong><strong>N\u00e3o hesite. Teremos todo o gosto em ajud\u00e1-lo com a sua venda.\u00a0<\/strong><\/strong><\/h4>\n<p><i><strong>Para uma venda mais r\u00e1pida e mais simples envie todos os dados e valor pretendido pela sua viatura por WhatsApp para:<\/strong> 919 875 653<\/i><\/p>\n<p>ou<\/p>\n<p>Preencha o formul\u00e1rio abaixo para compra ou venda de ve\u00edculos e entraremos em contacto consigo com a maior brevidade poss\u00edvel.<\/p>\n\n<div class=\"wpcf7 no-js\" id=\"wpcf7-f2782-o1\" lang=\"pt-PT\" dir=\"ltr\" data-wpcf7-id=\"2782\">\n<div class=\"screen-reader-response\"><p role=\"status\" aria-live=\"polite\" aria-atomic=\"true\"><\/p> <ul><\/ul><\/div>\n<form action=\"\/stand\/wp-json\/wp\/v2\/pages\/91#wpcf7-f2782-o1\" method=\"post\" class=\"wpcf7-form init\" aria-label=\"Formul\u00e1rio de contacto\" enctype=\"multipart\/form-data\" novalidate=\"novalidate\" data-status=\"init\">\n<fieldset class=\"hidden-fields-container\"><input type=\"hidden\" name=\"_wpcf7\" value=\"2782\" \/><input type=\"hidden\" name=\"_wpcf7_version\" value=\"6.1.5\" \/><input type=\"hidden\" name=\"_wpcf7_locale\" value=\"pt_PT\" \/><input type=\"hidden\" name=\"_wpcf7_unit_tag\" value=\"wpcf7-f2782-o1\" \/><input type=\"hidden\" name=\"_wpcf7_container_post\" value=\"0\" \/><input type=\"hidden\" name=\"_wpcf7_posted_data_hash\" value=\"\" \/>\n<\/fieldset>\n<p>Nome (obrigat\u00f3rio)\n<\/p>\n<p><span class=\"wpcf7-form-control-wrap\" data-name=\"your-name\"><input size=\"40\" maxlength=\"400\" class=\"wpcf7-form-control wpcf7-text wpcf7-validates-as-required\" aria-required=\"true\" aria-invalid=\"false\" value=\"\" type=\"text\" name=\"your-name\" \/><\/span>\n<\/p>\n<p>E-mail (obrigat\u00f3rio)\n<\/p>\n<p><span class=\"wpcf7-form-control-wrap\" data-name=\"your-email\"><input size=\"40\" maxlength=\"400\" class=\"wpcf7-form-control wpcf7-email wpcf7-validates-as-required wpcf7-text wpcf7-validates-as-email\" aria-required=\"true\" aria-invalid=\"false\" value=\"\" type=\"email\" name=\"your-email\" \/><\/span>\n<\/p>\n<p>Contacto (obrigat\u00f3rio)\n<\/p>\n<p><span class=\"wpcf7-form-control-wrap\" data-name=\"contacto\"><input size=\"40\" maxlength=\"400\" class=\"wpcf7-form-control wpcf7-text wpcf7-validates-as-required\" aria-required=\"true\" aria-invalid=\"false\" value=\"\" type=\"text\" name=\"contacto\" \/><\/span>\n<\/p>\n<p>Morada\n<\/p>\n<p><span class=\"wpcf7-form-control-wrap\" data-name=\"morada\"><textarea cols=\"40\" rows=\"4\" maxlength=\"2000\" class=\"wpcf7-form-control wpcf7-textarea\" aria-invalid=\"false\" name=\"morada\"><\/textarea><\/span>\n<\/p>\n<p>Preencha os dados da viatura que deseja comprar ou vender:\n<\/p>\n<p><span class=\"wpcf7-form-control-wrap\" data-name=\"comprar-vender\"><span class=\"wpcf7-form-control wpcf7-radio\"><span class=\"wpcf7-list-item first\"><input type=\"radio\" name=\"comprar-vender\" value=\"Comprar\" \/><span class=\"wpcf7-list-item-label\">Comprar<\/span><\/span><span class=\"wpcf7-list-item last\"><input type=\"radio\" name=\"comprar-vender\" value=\"Vender\" \/><span class=\"wpcf7-list-item-label\">Vender<\/span><\/span><\/span><\/span>\n<\/p>\n<p>Marca e Modelo (obrigat\u00f3rio)\n<\/p>\n<p><span class=\"wpcf7-form-control-wrap\" data-name=\"marca\"><input size=\"40\" maxlength=\"400\" class=\"wpcf7-form-control wpcf7-text wpcf7-validates-as-required\" aria-required=\"true\" aria-invalid=\"false\" value=\"\" type=\"text\" name=\"marca\" \/><\/span>\n<\/p>\n<p>Ano (obrigat\u00f3rio)\n<\/p>\n<p><span class=\"wpcf7-form-control-wrap\" data-name=\"ano\"><input size=\"40\" maxlength=\"400\" class=\"wpcf7-form-control wpcf7-text wpcf7-validates-as-required\" aria-required=\"true\" aria-invalid=\"false\" value=\"\" type=\"text\" name=\"ano\" \/><\/span>\n<\/p>\n<p>Kms\n<\/p>\n<p><span class=\"wpcf7-form-control-wrap\" data-name=\"kms\"><input size=\"40\" maxlength=\"400\" class=\"wpcf7-form-control wpcf7-text\" aria-invalid=\"false\" value=\"\" type=\"text\" name=\"kms\" \/><\/span>\n<\/p>\n<p>Registos\n<\/p>\n<p><span class=\"wpcf7-form-control-wrap\" data-name=\"registos\"><input size=\"40\" maxlength=\"400\" class=\"wpcf7-form-control wpcf7-text\" aria-invalid=\"false\" value=\"\" type=\"text\" name=\"registos\" \/><\/span>\n<\/p>\n<p>Localidade (obrigat\u00f3rio)\n<\/p>\n<p><span class=\"wpcf7-form-control-wrap\" data-name=\"localidade\"><input size=\"40\" maxlength=\"400\" class=\"wpcf7-form-control wpcf7-text wpcf7-validates-as-required\" aria-required=\"true\" aria-invalid=\"false\" value=\"\" type=\"text\" name=\"localidade\" \/><\/span>\n<\/p>\n<p>Valor (obrigat\u00f3rio)\n<\/p>\n<p><span class=\"wpcf7-form-control-wrap\" data-name=\"valor\"><input size=\"40\" maxlength=\"400\" class=\"wpcf7-form-control wpcf7-text wpcf7-validates-as-required\" aria-required=\"true\" aria-invalid=\"false\" value=\"\" type=\"text\" name=\"valor\" \/><\/span>\n<\/p>\n<p>Anexar fotos do carro (envio em jpg ou v\u00e1rias em ZIP\n<\/p>\n<p><span class=\"wpcf7-form-control-wrap\" data-name=\"fotoscarro\"><input size=\"40\" class=\"wpcf7-form-control wpcf7-file\" accept=\"audio\/*,video\/*,image\/*\" aria-invalid=\"false\" type=\"file\" name=\"fotoscarro\" \/><\/span>\n<\/p>\n<p><input type=\"hidden\" name=\"_wpcf7_captcha_challenge_captcha-657\" value=\"1534809654\" \/><img data-recalc-dims=\"1\" loading=\"lazy\" decoding=\"async\" class=\"wpcf7-form-control wpcf7-captchac wpcf7-captcha-captcha-657\" width=\"72\" height=\"24\" alt=\"captcha\" src=\"https:\/\/i0.wp.com\/www.standnitrocar.com\/stand\/wp-content\/uploads\/wpcf7_captcha\/1534809654.png?resize=72%2C24&#038;ssl=1\" \/><span class=\"wpcf7-form-control-wrap\" data-name=\"captcha-657\"><input size=\"40\" class=\"wpcf7-form-control wpcf7-captchar\" autocomplete=\"off\" aria-invalid=\"false\" value=\"\" type=\"text\" name=\"captcha-657\" \/><\/span>\n<\/p>\n<p><span class=\"wpcf7-form-control-wrap\" data-name=\"autorizacao\"><span class=\"wpcf7-form-control wpcf7-acceptance\"><span class=\"wpcf7-list-item\"><input type=\"checkbox\" name=\"autorizacao\" value=\"1\" aria-invalid=\"false\" \/><\/span><\/span><\/span> Autorizo o uso dos meus dados de contacto, de forma a que possa ser contactado por parte do Stand Nitrocar, sem partilha dos mesmos a terceiros.\n<\/p>\n<p><input class=\"wpcf7-form-control wpcf7-submit has-spinner\" type=\"submit\" value=\"Enviar\" \/>\n<\/p><p style=\"display: none !important;\" class=\"akismet-fields-container\" data-prefix=\"_wpcf7_ak_\"><label>&#916;<textarea name=\"_wpcf7_ak_hp_textarea\" cols=\"45\" rows=\"8\" maxlength=\"100\"><\/textarea><\/label><input type=\"hidden\" id=\"ak_js_1\" name=\"_wpcf7_ak_js\" value=\"108\"\/><script>document.getElementById( \"ak_js_1\" ).setAttribute( \"value\", ( new Date() ).getTime() );<\/script><\/p><div class=\"wpcf7-response-output\" aria-hidden=\"true\"><\/div>\n<\/form>\n<\/div>\n\n","protected":false},"excerpt":{"rendered":"<p>PAGAMOS A DINHEIRO NA HORA DA COMPRA! TEM UMA VIATURA PARA TROCAR OU VENDER? O [&hellip;]<\/p>\n","protected":false},"author":1,"featured_media":0,"parent":0,"menu_order":0,"comment_status":"open","ping_status":"open","template":"","meta":{"jetpack_post_was_ever_published":false,"_glsr_average":0,"_glsr_ranking":0,"_glsr_reviews":0,"footnotes":""},"class_list":["post-91","page","type-page","status-publish","hentry"],"jetpack_shortlink":"https:\/\/wp.me\/PaJDCZ-1t","jetpack_sharing_enabled":true,"jetpack_likes_enabled":false,"_links":{"self":[{"href":"https:\/\/www.standnitrocar.com\/stand\/wp-json\/wp\/v2\/pages\/91","targetHints":{"allow":["GET"]}}],"collection":[{"href":"https:\/\/www.standnitrocar.com\/stand\/wp-json\/wp\/v2\/pages"}],"about":[{"href":"https:\/\/www.standnitrocar.com\/stand\/wp-json\/wp\/v2\/types\/page"}],"author":[{"embeddable":true,"href":"https:\/\/www.standnitrocar.com\/stand\/wp-json\/wp\/v2\/users\/1"}],"replies":[{"embeddable":true,"href":"https:\/\/www.standnitrocar.com\/stand\/wp-json\/wp\/v2\/comments?post=91"}],"version-history":[{"count":15,"href":"https:\/\/www.standnitrocar.com\/stand\/wp-json\/wp\/v2\/pages\/91\/revisions"}],"predecessor-version":[{"id":46291,"href":"https:\/\/www.standnitrocar.com\/stand\/wp-json\/wp\/v2\/pages\/91\/revisions\/46291"}],"wp:attachment":[{"href":"https:\/\/www.standnitrocar.com\/stand\/wp-json\/wp\/v2\/media?parent=91"}],"curies":[{"name":"wp","href":"https:\/\/api.w.org\/{rel}","templated":true}]}}