{"id":999,"date":"2014-06-12T12:54:17","date_gmt":"2014-06-12T12:54:17","guid":{"rendered":"http:\/\/www.standnitrocar.com\/standnitrocar\/?page_id=999"},"modified":"2018-01-31T23:27:45","modified_gmt":"2018-01-31T22:27:45","slug":"reboques-24-horas","status":"publish","type":"page","link":"https:\/\/www.standnitrocar.com\/stand\/reboques-24-horas\/","title":{"rendered":"REBOQUES 24Horas!"},"content":{"rendered":"<p style=\"text-align: center;\"><strong><div id=\"metaslider-id-18262\" style=\"max-width: 600px; margin: 0 auto;\" class=\"ml-slider-3-106-0 metaslider metaslider-responsive metaslider-18262 ml-slider has-dots-nav ms-theme-default\" role=\"region\" aria-label=\"Reboques\" data-height=\"450\" data-width=\"600\">\n    <div id=\"metaslider_container_18262\">\n        <ul id='metaslider_18262' class='rslides'>\n            <li aria-roledescription='slide' aria-labelledby='slide-0'><img data-recalc-dims=\"1\" loading=\"lazy\" decoding=\"async\" src=\"https:\/\/i0.wp.com\/www.standnitrocar.com\/stand\/wp-content\/uploads\/2019\/02\/reboque_preto.jpg?resize=600%2C450&#038;ssl=1\" height=\"450\" width=\"600\" alt=\"\" class=\"slider-18262 slide-24062 msDefaultImage\" title=\"reboque_preto\" \/><\/li>\n            <li style='display: none;' aria-roledescription='slide' aria-labelledby='slide-1'><img data-recalc-dims=\"1\" loading=\"lazy\" decoding=\"async\" src=\"https:\/\/i0.wp.com\/www.standnitrocar.com\/stand\/wp-content\/uploads\/2018\/01\/reboque-11.jpg?resize=600%2C450&#038;ssl=1\" height=\"450\" width=\"600\" alt=\"\" class=\"slider-18262 slide-18263 msDefaultImage\" \/><\/li>\n            <li style='display: none;' aria-roledescription='slide' aria-labelledby='slide-2'><img data-recalc-dims=\"1\" loading=\"lazy\" decoding=\"async\" src=\"https:\/\/i0.wp.com\/www.standnitrocar.com\/stand\/wp-content\/uploads\/2018\/01\/reboque-10.jpg?resize=600%2C450&#038;ssl=1\" height=\"450\" width=\"600\" alt=\"\" class=\"slider-18262 slide-18264 msDefaultImage\" \/><\/li>\n            <li style='display: none;' aria-roledescription='slide' aria-labelledby='slide-3'><img data-recalc-dims=\"1\" loading=\"lazy\" decoding=\"async\" src=\"https:\/\/i0.wp.com\/www.standnitrocar.com\/stand\/wp-content\/uploads\/2018\/01\/reboque-9.jpg?resize=600%2C450&#038;ssl=1\" height=\"450\" width=\"600\" alt=\"\" class=\"slider-18262 slide-18265 msDefaultImage\" \/><\/li>\n            <li style='display: none;' aria-roledescription='slide' aria-labelledby='slide-4'><img data-recalc-dims=\"1\" loading=\"lazy\" decoding=\"async\" src=\"https:\/\/i0.wp.com\/www.standnitrocar.com\/stand\/wp-content\/uploads\/2018\/01\/reboque-8.jpg?resize=600%2C450&#038;ssl=1\" height=\"450\" width=\"600\" alt=\"\" class=\"slider-18262 slide-18266 msDefaultImage\" \/><\/li>\n            <li style='display: none;' aria-roledescription='slide' aria-labelledby='slide-5'><img data-recalc-dims=\"1\" loading=\"lazy\" decoding=\"async\" src=\"https:\/\/i0.wp.com\/www.standnitrocar.com\/stand\/wp-content\/uploads\/2018\/01\/reboque-7.jpg?resize=600%2C450&#038;ssl=1\" height=\"450\" width=\"600\" alt=\"\" class=\"slider-18262 slide-18267 msDefaultImage\" \/><\/li>\n            <li style='display: none;' aria-roledescription='slide' aria-labelledby='slide-6'><img data-recalc-dims=\"1\" loading=\"lazy\" decoding=\"async\" src=\"https:\/\/i0.wp.com\/www.standnitrocar.com\/stand\/wp-content\/uploads\/2018\/01\/reboque-6.jpg?resize=600%2C450&#038;ssl=1\" height=\"450\" width=\"600\" alt=\"\" class=\"slider-18262 slide-18268 msDefaultImage\" \/><\/li>\n            <li style='display: none;' aria-roledescription='slide' aria-labelledby='slide-7'><img data-recalc-dims=\"1\" loading=\"lazy\" decoding=\"async\" src=\"https:\/\/i0.wp.com\/www.standnitrocar.com\/stand\/wp-content\/uploads\/2018\/01\/reboque-5.jpg?resize=600%2C450&#038;ssl=1\" height=\"450\" width=\"600\" alt=\"\" class=\"slider-18262 slide-18269 msDefaultImage\" \/><\/li>\n            <li style='display: none;' aria-roledescription='slide' aria-labelledby='slide-8'><img data-recalc-dims=\"1\" loading=\"lazy\" decoding=\"async\" src=\"https:\/\/i0.wp.com\/www.standnitrocar.com\/stand\/wp-content\/uploads\/2018\/01\/reboque-4.jpg?resize=600%2C450&#038;ssl=1\" height=\"450\" width=\"600\" alt=\"\" class=\"slider-18262 slide-18270 msDefaultImage\" \/><\/li>\n            <li style='display: none;' aria-roledescription='slide' aria-labelledby='slide-9'><img data-recalc-dims=\"1\" loading=\"lazy\" decoding=\"async\" src=\"https:\/\/i0.wp.com\/www.standnitrocar.com\/stand\/wp-content\/uploads\/2018\/01\/reboque-3.jpg?resize=600%2C450&#038;ssl=1\" height=\"450\" width=\"600\" alt=\"\" class=\"slider-18262 slide-18271 msDefaultImage\" \/><\/li>\n            <li style='display: none;' aria-roledescription='slide' aria-labelledby='slide-10'><img data-recalc-dims=\"1\" loading=\"lazy\" decoding=\"async\" src=\"https:\/\/i0.wp.com\/www.standnitrocar.com\/stand\/wp-content\/uploads\/2018\/01\/reboque-2.jpg?resize=600%2C450&#038;ssl=1\" height=\"450\" width=\"600\" alt=\"\" class=\"slider-18262 slide-18272 msDefaultImage\" \/><\/li>\n            <li style='display: none;' aria-roledescription='slide' aria-labelledby='slide-11'><img data-recalc-dims=\"1\" loading=\"lazy\" decoding=\"async\" src=\"https:\/\/i0.wp.com\/www.standnitrocar.com\/stand\/wp-content\/uploads\/2018\/01\/reboque-1.jpg?resize=600%2C450&#038;ssl=1\" height=\"450\" width=\"600\" alt=\"\" class=\"slider-18262 slide-18273 msDefaultImage\" \/><\/li>\n        <\/ul>\n        \n    <\/div>\n<\/div><\/strong><\/p>\n<p style=\"text-align: center;\"><strong>Tratando-se de uma empresa bastante vers\u00e1til e din\u00e2mica, o STAND NITROCAR disp\u00f5es tamb\u00e9m de SERVI\u00c7OS DE REBOQUE 24Horas para todo o pa\u00eds!<\/strong><\/p>\n<p style=\"text-align: center;\">Prestamos servi\u00e7os de transporte Nacional \/ Internacional e desempanagem permanente de viaturas avariadas e sinistradas 24 horas por dia.<\/p>\n<p style=\"text-align: center;\">Temos parque para recolha de viaturas sinistradas.<\/p>\n<p style=\"text-align: center;\">Disponha: Jos\u00e9 Pinto &#8211; 919 875 653 \/ 224 059 661<\/p>\n","protected":false},"excerpt":{"rendered":"<p>Tratando-se de uma empresa bastante vers\u00e1til e din\u00e2mica, o STAND NITROCAR disp\u00f5es tamb\u00e9m de SERVI\u00c7OS [&hellip;]<\/p>\n","protected":false},"author":1,"featured_media":0,"parent":0,"menu_order":0,"comment_status":"open","ping_status":"open","template":"","meta":{"jetpack_post_was_ever_published":false,"_glsr_average":0,"_glsr_ranking":0,"_glsr_reviews":0,"footnotes":""},"class_list":["post-999","page","type-page","status-publish","hentry"],"jetpack_shortlink":"https:\/\/wp.me\/PaJDCZ-g7","jetpack_sharing_enabled":true,"jetpack_likes_enabled":false,"_links":{"self":[{"href":"https:\/\/www.standnitrocar.com\/stand\/wp-json\/wp\/v2\/pages\/999","targetHints":{"allow":["GET"]}}],"collection":[{"href":"https:\/\/www.standnitrocar.com\/stand\/wp-json\/wp\/v2\/pages"}],"about":[{"href":"https:\/\/www.standnitrocar.com\/stand\/wp-json\/wp\/v2\/types\/page"}],"author":[{"embeddable":true,"href":"https:\/\/www.standnitrocar.com\/stand\/wp-json\/wp\/v2\/users\/1"}],"replies":[{"embeddable":true,"href":"https:\/\/www.standnitrocar.com\/stand\/wp-json\/wp\/v2\/comments?post=999"}],"version-history":[{"count":6,"href":"https:\/\/www.standnitrocar.com\/stand\/wp-json\/wp\/v2\/pages\/999\/revisions"}],"predecessor-version":[{"id":18275,"href":"https:\/\/www.standnitrocar.com\/stand\/wp-json\/wp\/v2\/pages\/999\/revisions\/18275"}],"wp:attachment":[{"href":"https:\/\/www.standnitrocar.com\/stand\/wp-json\/wp\/v2\/media?parent=999"}],"curies":[{"name":"wp","href":"https:\/\/api.w.org\/{rel}","templated":true}]}}